{"id":54672,"date":"2020-05-26T10:17:30","date_gmt":"2020-05-26T08:17:30","guid":{"rendered":"http:\/\/florianovahut.agenturamaveb.cz\/product\/zvonecek-s-panenkou-andel-cin\/"},"modified":"2026-02-19T10:14:59","modified_gmt":"2026-02-19T09:14:59","slug":"zvonek-s-cinovym-zdobenim-4314","status":"publish","type":"product","link":"https:\/\/test.esluzby.net\/?product=zvonek-s-cinovym-zdobenim-4314","title":{"rendered":"Zvonek s c\u00ednov\u00fdm zdoben\u00edm"},"content":{"rendered":"","protected":false},"excerpt":{"rendered":"<p>C\u00edna\u0159stv\u00ed &#8211; pas\u00ed\u0159stv\u00ed je odl\u00e9v\u00e1n\u00ed dobov\u00fdch replik dle origin\u00e1lu, kter\u00e9 tvo\u0159\u00ed se sklem kr\u00e1sn\u00e9 kombinace. Vyr\u00e1b\u00edme v\u011brn\u00e9 repliky c\u00ednov\u00fdch p\u0159edm\u011bt\u016f, se kter\u00fdmi kombinujeme na\u0161e sklen\u011bn\u00e9 v\u00fdrobky- karafy, poh\u00e1ry, p\u016fllitry, d\u017eb\u00e1ny, zvonky, sklenice, m\u00edsy, petrolejov\u00e9 lampy. V\u0161e je ru\u010dn\u00ed pr\u00e1ce.<\/p>\n","protected":false},"featured_media":81818,"comment_status":"closed","ping_status":"closed","template":"","meta":[],"product_brand":[],"product_cat":[148],"product_tag":[],"class_list":{"0":"post-54672","1":"product","2":"type-product","3":"status-publish","4":"has-post-thumbnail","6":"product_cat-sklenene-zvonky","8":"first","9":"instock","10":"shipping-taxable","11":"purchasable","12":"product-type-simple"},"_links":{"self":[{"href":"https:\/\/test.esluzby.net\/index.php?rest_route=\/wp\/v2\/product\/54672","targetHints":{"allow":["GET"]}}],"collection":[{"href":"https:\/\/test.esluzby.net\/index.php?rest_route=\/wp\/v2\/product"}],"about":[{"href":"https:\/\/test.esluzby.net\/index.php?rest_route=\/wp\/v2\/types\/product"}],"replies":[{"embeddable":true,"href":"https:\/\/test.esluzby.net\/index.php?rest_route=%2Fwp%2Fv2%2Fcomments&post=54672"}],"version-history":[{"count":0,"href":"https:\/\/test.esluzby.net\/index.php?rest_route=\/wp\/v2\/product\/54672\/revisions"}],"wp:featuredmedia":[{"embeddable":true,"href":"https:\/\/test.esluzby.net\/index.php?rest_route=\/wp\/v2\/media\/81818"}],"wp:attachment":[{"href":"https:\/\/test.esluzby.net\/index.php?rest_route=%2Fwp%2Fv2%2Fmedia&parent=54672"}],"wp:term":[{"taxonomy":"product_brand","embeddable":true,"href":"https:\/\/test.esluzby.net\/index.php?rest_route=%2Fwp%2Fv2%2Fproduct_brand&post=54672"},{"taxonomy":"product_cat","embeddable":true,"href":"https:\/\/test.esluzby.net\/index.php?rest_route=%2Fwp%2Fv2%2Fproduct_cat&post=54672"},{"taxonomy":"product_tag","embeddable":true,"href":"https:\/\/test.esluzby.net\/index.php?rest_route=%2Fwp%2Fv2%2Fproduct_tag&post=54672"}],"curies":[{"name":"wp","href":"https:\/\/api.w.org\/{rel}","templated":true}]}}