{"id":62385,"date":"2022-12-12T17:38:46","date_gmt":"2022-12-12T16:38:46","guid":{"rendered":"https:\/\/florianovahut.com\/?post_type=product&#038;p=62385"},"modified":"2026-02-19T10:15:03","modified_gmt":"2026-02-19T09:15:03","slug":"sirm-stinidlo-lesni-zelena-0120-1201-12","status":"publish","type":"product","link":"https:\/\/test.esluzby.net\/?product=sirm-stinidlo-lesni-zelena-0120-1201-12","title":{"rendered":"St\u00ednidlo (\u0161irm) &#8211; lesn\u00ed zelen\u00e1 120 mm"},"content":{"rendered":"","protected":false},"excerpt":{"rendered":"<p>\u0160irm &#8211; st\u00ednidlo &#8211; dopln\u011bk k petrolejov\u00fdm lamp\u00e1m, kter\u00fd um\u00ed navodit kr\u00e1snou atmosf\u00e9ru a lampu ud\u011bl\u00e1 zaj\u00edmav\u011bj\u0161\u00ed. Typick\u00e1 v\u00fdroba \u010desk\u00e9ho skla &#8211; ru\u010dn\u00ed pr\u00e1ce. Uveden\u00fd rozm\u011br st\u00ednidla je pr\u016fm\u011br spodn\u00ed \u010d\u00e1sti, kter\u00e1 se pasuje do dr\u017e\u00e1ku \u0161irmu.<\/p>\n","protected":false},"featured_media":81826,"comment_status":"closed","ping_status":"closed","template":"","meta":[],"product_brand":[],"product_cat":[130],"product_tag":[],"class_list":{"0":"post-62385","1":"product","2":"type-product","3":"status-publish","4":"has-post-thumbnail","6":"product_cat-komponenty-k-lampam","8":"first","9":"outofstock","10":"shipping-taxable","11":"purchasable","12":"product-type-simple"},"_links":{"self":[{"href":"https:\/\/test.esluzby.net\/index.php?rest_route=\/wp\/v2\/product\/62385","targetHints":{"allow":["GET"]}}],"collection":[{"href":"https:\/\/test.esluzby.net\/index.php?rest_route=\/wp\/v2\/product"}],"about":[{"href":"https:\/\/test.esluzby.net\/index.php?rest_route=\/wp\/v2\/types\/product"}],"replies":[{"embeddable":true,"href":"https:\/\/test.esluzby.net\/index.php?rest_route=%2Fwp%2Fv2%2Fcomments&post=62385"}],"version-history":[{"count":0,"href":"https:\/\/test.esluzby.net\/index.php?rest_route=\/wp\/v2\/product\/62385\/revisions"}],"wp:featuredmedia":[{"embeddable":true,"href":"https:\/\/test.esluzby.net\/index.php?rest_route=\/wp\/v2\/media\/81826"}],"wp:attachment":[{"href":"https:\/\/test.esluzby.net\/index.php?rest_route=%2Fwp%2Fv2%2Fmedia&parent=62385"}],"wp:term":[{"taxonomy":"product_brand","embeddable":true,"href":"https:\/\/test.esluzby.net\/index.php?rest_route=%2Fwp%2Fv2%2Fproduct_brand&post=62385"},{"taxonomy":"product_cat","embeddable":true,"href":"https:\/\/test.esluzby.net\/index.php?rest_route=%2Fwp%2Fv2%2Fproduct_cat&post=62385"},{"taxonomy":"product_tag","embeddable":true,"href":"https:\/\/test.esluzby.net\/index.php?rest_route=%2Fwp%2Fv2%2Fproduct_tag&post=62385"}],"curies":[{"name":"wp","href":"https:\/\/api.w.org\/{rel}","templated":true}]}}