{"id":62926,"date":"2020-09-25T13:30:39","date_gmt":"2020-09-25T11:30:39","guid":{"rendered":"https:\/\/florianovahut.com\/?post_type=product&#038;p=62926"},"modified":"2026-02-19T10:15:07","modified_gmt":"2026-02-19T09:15:07","slug":"brousene-tezitko-08","status":"publish","type":"product","link":"https:\/\/test.esluzby.net\/?product=brousene-tezitko-08","title":{"rendered":"T\u011b\u017e\u00edtko brou\u0161en\u00e9 &#8211; paperweight"},"content":{"rendered":"","protected":false},"excerpt":{"rendered":"<p>T\u011b\u017e\u00edtko se vyr\u00e1b\u00ed od nepam\u011bti. Mnoho lid\u00ed m\u00e1 ve sv\u00fdch sb\u00edrk\u00e1ch mnoho druh\u016f. Je mnoho technik, styl\u016f a dekorov\u00e1n\u00ed, kter\u00e9 se u v\u00fdroby t\u011b\u017e\u00edtek pou\u017e\u00edvaj\u00ed. A jak \u0159ekl klasik, ka\u017ed\u00fd m\u00e1 sv\u00e9 t\u011b\u017e\u00edtko. Mo\u017eno zatavit i logo vhodn\u00e9 jako reklamn\u00ed p\u0159edm\u011bt <\/p>\n","protected":false},"featured_media":81832,"comment_status":"closed","ping_status":"closed","template":"","meta":[],"product_brand":[],"product_cat":[146],"product_tag":[],"class_list":{"0":"post-62926","1":"product","2":"type-product","3":"status-publish","4":"has-post-thumbnail","6":"product_cat-sklenena-tezitka-a-olejove-lampy","8":"first","9":"outofstock","10":"shipping-taxable","11":"purchasable","12":"product-type-simple"},"_links":{"self":[{"href":"https:\/\/test.esluzby.net\/index.php?rest_route=\/wp\/v2\/product\/62926","targetHints":{"allow":["GET"]}}],"collection":[{"href":"https:\/\/test.esluzby.net\/index.php?rest_route=\/wp\/v2\/product"}],"about":[{"href":"https:\/\/test.esluzby.net\/index.php?rest_route=\/wp\/v2\/types\/product"}],"replies":[{"embeddable":true,"href":"https:\/\/test.esluzby.net\/index.php?rest_route=%2Fwp%2Fv2%2Fcomments&post=62926"}],"version-history":[{"count":0,"href":"https:\/\/test.esluzby.net\/index.php?rest_route=\/wp\/v2\/product\/62926\/revisions"}],"wp:featuredmedia":[{"embeddable":true,"href":"https:\/\/test.esluzby.net\/index.php?rest_route=\/wp\/v2\/media\/81832"}],"wp:attachment":[{"href":"https:\/\/test.esluzby.net\/index.php?rest_route=%2Fwp%2Fv2%2Fmedia&parent=62926"}],"wp:term":[{"taxonomy":"product_brand","embeddable":true,"href":"https:\/\/test.esluzby.net\/index.php?rest_route=%2Fwp%2Fv2%2Fproduct_brand&post=62926"},{"taxonomy":"product_cat","embeddable":true,"href":"https:\/\/test.esluzby.net\/index.php?rest_route=%2Fwp%2Fv2%2Fproduct_cat&post=62926"},{"taxonomy":"product_tag","embeddable":true,"href":"https:\/\/test.esluzby.net\/index.php?rest_route=%2Fwp%2Fv2%2Fproduct_tag&post=62926"}],"curies":[{"name":"wp","href":"https:\/\/api.w.org\/{rel}","templated":true}]}}