{"id":64765,"date":"2020-10-22T16:23:02","date_gmt":"2020-10-22T14:23:02","guid":{"rendered":"https:\/\/florianovahut.com\/?post_type=product&#038;p=64765"},"modified":"2026-02-19T10:15:13","modified_gmt":"2026-02-19T09:15:13","slug":"skleneny-dzban-lesni-zelena-5072","status":"publish","type":"product","link":"https:\/\/test.esluzby.net\/?product=skleneny-dzban-lesni-zelena-5072","title":{"rendered":"D\u017eb\u00e1n 1,8l &#8211; Bambus &#8211; lesn\u00ed zelen\u00e1"},"content":{"rendered":"<p>Dekor \u201eBambus\u201c nen\u00ed m\u00f3dn\u00ed novinka, ale historick\u00fd vzor optick\u00e9ho skla, kter\u00fd se v \u010desk\u00fdch hut\u00edch pou\u017e\u00edv\u00e1 u\u017e po stalet\u00ed. Vznikl jako sou\u010d\u00e1st tradice reli\u00e9fn\u00edch forem, roz\u0161\u00ed\u0159il se v 19. stolet\u00ed a d\u00edky sv\u00e9 nad\u010dasov\u00e9 estetice se udr\u017eel a\u017e do dne\u0161n\u00edch dn\u016f.\u00a0Dekor tvo\u0159\u00ed vertik\u00e1ln\u00ed nebo m\u00edrn\u011b zvln\u011bn\u00e9 linie, kter\u00e9 evokuj\u00ed strukturu bambusu a d\u00edky lomu sv\u011btla na t\u011bchto vertik\u00e1ln\u00edch \u017eebrech p\u016fsob\u00ed sklo \u017eiv\u011b a plasticky.<\/p>\n<p>D\u017eb\u00e1n z kolekce Bambus nen\u00ed jen praktick\u00fdm pomocn\u00edkem \u2013 je to ru\u010dn\u011b tvarovan\u00fd skvost, kter\u00fd prom\u011bn\u00ed ka\u017ed\u00e9 stolov\u00e1n\u00ed v mal\u00fd sv\u00e1te\u010dn\u00ed okam\u017eik.<\/p>\n<p>V letn\u00edch dnech je d\u017eb\u00e1n ide\u00e1ln\u00ed na dom\u00e1c\u00ed limon\u00e1du s pl\u00e1tky citronu nebo t\u0159eba osv\u011b\u017euj\u00edc\u00ed pivo. Sv\u00e9 uplatn\u011bn\u00ed si ur\u010dit\u011b najde i v zim\u011b, nen\u00ed ov\u0161em ur\u010den\u00fd pro hork\u00e9 n\u00e1poje.<\/p>\n<p align=\"left\">S ru\u010dn\u011b foukan\u00fdmi sklenicemi a p\u016fllitry z kolekce Bambus tvo\u0159\u00ed harmonickou sadu \u2013 ide\u00e1ln\u00ed pro serv\u00edrov\u00e1n\u00ed n\u00e1poj\u016f p\u0159i slavnostn\u00ed ve\u010de\u0159i, zahradn\u00ed oslav\u011b nebo jen tak pro radost.<\/p>\n<p align=\"left\">Sklen\u011bn\u00e9 d\u017eb\u00e1ny ru\u010dn\u00ed v\u00fdroby. Jedn\u00e1 se o typickou ru\u010dn\u00ed v\u00fdrobu \u010desk\u00e9ho skla foukan\u00e9ho v na\u0161em glass studiu. Sklo sodno-draseln\u00e9, m\u00e1 velk\u00fd lesk a kr\u00e1sn\u00fd zvuk. D\u017eb\u00e1ny lze zdobit ryt\u00edm, malov\u00e1n\u00edm, vypalovac\u00edm obtiskem, p\u00edskov\u00e1n\u00edm, c\u00ednovou plaketou, c\u00ednovou ozdobou nebo opat\u0159it c\u00ednov\u00fdm v\u00ed\u010dkem.<\/p>\n","protected":false},"excerpt":{"rendered":"<p>V kolekci Bambus u n\u00e1s najdete tak\u00e9 nejr\u016fzn\u011bj\u0161\u00ed sklenice, m\u00edsy, v\u00e1zy \u010di petrolejov\u00e9 lampy. Kolekce Bambus je nad\u010dasov\u00e1, decentn\u00ed a p\u0159itom v\u00fdrazn\u00e1.<\/p>\n","protected":false},"featured_media":81847,"comment_status":"closed","ping_status":"closed","template":"","meta":[],"product_brand":[],"product_cat":[122,120,121,113,114,119],"product_tag":[],"class_list":{"0":"post-64765","1":"product","2":"type-product","3":"status-publish","4":"has-post-thumbnail","6":"product_cat-bambus","7":"product_cat-darky-pro-muze","8":"product_cat-darky-pro-zeny","9":"product_cat-historicke-sklo","10":"product_cat-lesni-sklo","11":"product_cat-sklenene-dzbany","13":"first","14":"instock","15":"shipping-taxable","16":"purchasable","17":"product-type-simple"},"_links":{"self":[{"href":"https:\/\/test.esluzby.net\/index.php?rest_route=\/wp\/v2\/product\/64765","targetHints":{"allow":["GET"]}}],"collection":[{"href":"https:\/\/test.esluzby.net\/index.php?rest_route=\/wp\/v2\/product"}],"about":[{"href":"https:\/\/test.esluzby.net\/index.php?rest_route=\/wp\/v2\/types\/product"}],"replies":[{"embeddable":true,"href":"https:\/\/test.esluzby.net\/index.php?rest_route=%2Fwp%2Fv2%2Fcomments&post=64765"}],"version-history":[{"count":0,"href":"https:\/\/test.esluzby.net\/index.php?rest_route=\/wp\/v2\/product\/64765\/revisions"}],"wp:featuredmedia":[{"embeddable":true,"href":"https:\/\/test.esluzby.net\/index.php?rest_route=\/wp\/v2\/media\/81847"}],"wp:attachment":[{"href":"https:\/\/test.esluzby.net\/index.php?rest_route=%2Fwp%2Fv2%2Fmedia&parent=64765"}],"wp:term":[{"taxonomy":"product_brand","embeddable":true,"href":"https:\/\/test.esluzby.net\/index.php?rest_route=%2Fwp%2Fv2%2Fproduct_brand&post=64765"},{"taxonomy":"product_cat","embeddable":true,"href":"https:\/\/test.esluzby.net\/index.php?rest_route=%2Fwp%2Fv2%2Fproduct_cat&post=64765"},{"taxonomy":"product_tag","embeddable":true,"href":"https:\/\/test.esluzby.net\/index.php?rest_route=%2Fwp%2Fv2%2Fproduct_tag&post=64765"}],"curies":[{"name":"wp","href":"https:\/\/api.w.org\/{rel}","templated":true}]}}