{"id":64993,"date":"2020-10-26T19:09:47","date_gmt":"2020-10-26T18:09:47","guid":{"rendered":"https:\/\/florianovahut.com\/?post_type=product&#038;p=64993"},"modified":"2026-02-19T10:15:16","modified_gmt":"2026-02-19T09:15:16","slug":"stinidlo-sirm-lesni-zelena-kvetina-155-mm","status":"publish","type":"product","link":"https:\/\/test.esluzby.net\/?product=stinidlo-sirm-lesni-zelena-kvetina-155-mm","title":{"rendered":"St\u00ednidlo (\u0161irm) \u2013 lesn\u00ed zelen\u00e1 155 mm s kv\u011btinou"},"content":{"rendered":"","protected":false},"excerpt":{"rendered":"<p>\u0160irm &#8211; st\u00ednidlo &#8211; dopln\u011bk k petrolejov\u00fdm lamp\u00e1m, kter\u00fd um\u00ed navodit kr\u00e1snou atmosf\u00e9ru a lampu ud\u011bl\u00e1 zaj\u00edmav\u011bj\u0161\u00ed. Typick\u00e1 v\u00fdroba \u010desk\u00e9ho skla &#8211; ru\u010dn\u00ed pr\u00e1ce. Uveden\u00fd rozm\u011br st\u00ednidla je pr\u016fm\u011br spodn\u00ed \u010d\u00e1sti, kter\u00e1 se pasuje do dr\u017e\u00e1ku \u0161irmu.<\/p>\n","protected":false},"featured_media":81849,"comment_status":"closed","ping_status":"closed","template":"","meta":[],"product_brand":[],"product_cat":[130],"product_tag":[],"class_list":{"0":"post-64993","1":"product","2":"type-product","3":"status-publish","4":"has-post-thumbnail","6":"product_cat-komponenty-k-lampam","8":"first","9":"instock","10":"shipping-taxable","11":"purchasable","12":"product-type-simple"},"_links":{"self":[{"href":"https:\/\/test.esluzby.net\/index.php?rest_route=\/wp\/v2\/product\/64993","targetHints":{"allow":["GET"]}}],"collection":[{"href":"https:\/\/test.esluzby.net\/index.php?rest_route=\/wp\/v2\/product"}],"about":[{"href":"https:\/\/test.esluzby.net\/index.php?rest_route=\/wp\/v2\/types\/product"}],"replies":[{"embeddable":true,"href":"https:\/\/test.esluzby.net\/index.php?rest_route=%2Fwp%2Fv2%2Fcomments&post=64993"}],"version-history":[{"count":0,"href":"https:\/\/test.esluzby.net\/index.php?rest_route=\/wp\/v2\/product\/64993\/revisions"}],"wp:featuredmedia":[{"embeddable":true,"href":"https:\/\/test.esluzby.net\/index.php?rest_route=\/wp\/v2\/media\/81849"}],"wp:attachment":[{"href":"https:\/\/test.esluzby.net\/index.php?rest_route=%2Fwp%2Fv2%2Fmedia&parent=64993"}],"wp:term":[{"taxonomy":"product_brand","embeddable":true,"href":"https:\/\/test.esluzby.net\/index.php?rest_route=%2Fwp%2Fv2%2Fproduct_brand&post=64993"},{"taxonomy":"product_cat","embeddable":true,"href":"https:\/\/test.esluzby.net\/index.php?rest_route=%2Fwp%2Fv2%2Fproduct_cat&post=64993"},{"taxonomy":"product_tag","embeddable":true,"href":"https:\/\/test.esluzby.net\/index.php?rest_route=%2Fwp%2Fv2%2Fproduct_tag&post=64993"}],"curies":[{"name":"wp","href":"https:\/\/api.w.org\/{rel}","templated":true}]}}