{"id":65127,"date":"2020-10-28T21:22:07","date_gmt":"2020-10-28T20:22:07","guid":{"rendered":"https:\/\/florianovahut.com\/?post_type=product&#038;p=65127"},"modified":"2026-02-19T10:15:16","modified_gmt":"2026-02-19T09:15:16","slug":"pullitr-s-cinovym-vikem-2","status":"publish","type":"product","link":"https:\/\/test.esluzby.net\/?product=pullitr-s-cinovym-vikem-2","title":{"rendered":"P\u016fllitr s c\u00ednov\u00fdm v\u00edkem a monturou"},"content":{"rendered":"","protected":false},"excerpt":{"rendered":"<p>historick\u00e9 sklopulitra c\u00ednov\u00e9 v\u00ed\u010dko je v\u00fdsledkem na\u0161\u00ed skl\u00e1rny a c\u00edna\u0159sk\u00e9 d\u00edlnysklo je tzv. lesn\u00ed sklo C\u00edna\u0159stv\u00edje odl\u00e9v\u00e1n\u00ed ozdobn\u00fdch c\u00ednov\u00fdch dekora\u010dn\u00edch prvk\u016f a v\u00fdrobku spojen\u00e9 \u00fazkou spoluprac\u00ed \u010desk\u00fdch skl\u00e1\u0159\u016f a zku\u0161en\u00e9ho pas\u00ed\u0159e vyr\u00e1b\u00edme repliky c\u00ednov\u00fdch p\u0159edm\u011bt\u016f se kter\u00fdmi kombinujeme sklen\u011bn\u00e9 poh\u00e1ry a karafy, v\u00ed\u010dka na pivn\u00ed p\u016fllitry korbely a dal\u0161\u00ed c\u00ednov\u00e9 p\u0159edm\u011bty a vyr\u00e1b\u00edme v\u011brn\u00e9 replikyp\u016fvodn\u00edch v\u00fdrobk\u016f.V\u0161e je ru\u010dn\u00ed pr\u00e1ce<\/p>\n","protected":false},"featured_media":81850,"comment_status":"closed","ping_status":"closed","template":"","meta":[],"product_brand":[],"product_cat":[137],"product_tag":[],"class_list":{"0":"post-65127","1":"product","2":"type-product","3":"status-publish","4":"has-post-thumbnail","6":"product_cat-skleneny-pullitr-s-cinovym-vikem","8":"first","9":"outofstock","10":"shipping-taxable","11":"purchasable","12":"product-type-simple"},"_links":{"self":[{"href":"https:\/\/test.esluzby.net\/index.php?rest_route=\/wp\/v2\/product\/65127","targetHints":{"allow":["GET"]}}],"collection":[{"href":"https:\/\/test.esluzby.net\/index.php?rest_route=\/wp\/v2\/product"}],"about":[{"href":"https:\/\/test.esluzby.net\/index.php?rest_route=\/wp\/v2\/types\/product"}],"replies":[{"embeddable":true,"href":"https:\/\/test.esluzby.net\/index.php?rest_route=%2Fwp%2Fv2%2Fcomments&post=65127"}],"version-history":[{"count":0,"href":"https:\/\/test.esluzby.net\/index.php?rest_route=\/wp\/v2\/product\/65127\/revisions"}],"wp:featuredmedia":[{"embeddable":true,"href":"https:\/\/test.esluzby.net\/index.php?rest_route=\/wp\/v2\/media\/81850"}],"wp:attachment":[{"href":"https:\/\/test.esluzby.net\/index.php?rest_route=%2Fwp%2Fv2%2Fmedia&parent=65127"}],"wp:term":[{"taxonomy":"product_brand","embeddable":true,"href":"https:\/\/test.esluzby.net\/index.php?rest_route=%2Fwp%2Fv2%2Fproduct_brand&post=65127"},{"taxonomy":"product_cat","embeddable":true,"href":"https:\/\/test.esluzby.net\/index.php?rest_route=%2Fwp%2Fv2%2Fproduct_cat&post=65127"},{"taxonomy":"product_tag","embeddable":true,"href":"https:\/\/test.esluzby.net\/index.php?rest_route=%2Fwp%2Fv2%2Fproduct_tag&post=65127"}],"curies":[{"name":"wp","href":"https:\/\/api.w.org\/{rel}","templated":true}]}}