{"id":65536,"date":"2023-08-02T18:34:55","date_gmt":"2023-08-02T16:34:55","guid":{"rendered":"https:\/\/florianovahut.com\/?post_type=product&#038;p=65536"},"modified":"2026-02-19T10:15:17","modified_gmt":"2026-02-19T09:15:17","slug":"sklenice-kamen-shattuckit","status":"publish","type":"product","link":"https:\/\/test.esluzby.net\/?product=sklenice-kamen-shattuckit","title":{"rendered":"Sklenice &#8211; k\u00e1men shattuckit"},"content":{"rendered":"","protected":false},"excerpt":{"rendered":"<p>Sklenice &#8211; k\u00e1men shattuckit. Znamen\u00ed zv\u011brokruhu : B\u00ddK, VODN\u00c1\u0158, V\u00c1HY, ST\u0158ELEC, LEV, PANNA, BL\u00cd\u017dENCI.<\/p>\n","protected":false},"featured_media":81852,"comment_status":"closed","ping_status":"closed","template":"","meta":[],"product_brand":[],"product_cat":[121,140,141,125],"product_tag":[],"class_list":{"0":"post-65536","1":"product","2":"type-product","3":"status-publish","4":"has-post-thumbnail","6":"product_cat-darky-pro-zeny","7":"product_cat-sklenice","8":"product_cat-svatebni-darky","9":"product_cat-vanocni-darky","11":"first","12":"instock","13":"shipping-taxable","14":"purchasable","15":"product-type-simple"},"_links":{"self":[{"href":"https:\/\/test.esluzby.net\/index.php?rest_route=\/wp\/v2\/product\/65536","targetHints":{"allow":["GET"]}}],"collection":[{"href":"https:\/\/test.esluzby.net\/index.php?rest_route=\/wp\/v2\/product"}],"about":[{"href":"https:\/\/test.esluzby.net\/index.php?rest_route=\/wp\/v2\/types\/product"}],"replies":[{"embeddable":true,"href":"https:\/\/test.esluzby.net\/index.php?rest_route=%2Fwp%2Fv2%2Fcomments&post=65536"}],"version-history":[{"count":0,"href":"https:\/\/test.esluzby.net\/index.php?rest_route=\/wp\/v2\/product\/65536\/revisions"}],"wp:featuredmedia":[{"embeddable":true,"href":"https:\/\/test.esluzby.net\/index.php?rest_route=\/wp\/v2\/media\/81852"}],"wp:attachment":[{"href":"https:\/\/test.esluzby.net\/index.php?rest_route=%2Fwp%2Fv2%2Fmedia&parent=65536"}],"wp:term":[{"taxonomy":"product_brand","embeddable":true,"href":"https:\/\/test.esluzby.net\/index.php?rest_route=%2Fwp%2Fv2%2Fproduct_brand&post=65536"},{"taxonomy":"product_cat","embeddable":true,"href":"https:\/\/test.esluzby.net\/index.php?rest_route=%2Fwp%2Fv2%2Fproduct_cat&post=65536"},{"taxonomy":"product_tag","embeddable":true,"href":"https:\/\/test.esluzby.net\/index.php?rest_route=%2Fwp%2Fv2%2Fproduct_tag&post=65536"}],"curies":[{"name":"wp","href":"https:\/\/api.w.org\/{rel}","templated":true}]}}