{"id":65551,"date":"2023-08-01T18:53:11","date_gmt":"2023-08-01T16:53:11","guid":{"rendered":"https:\/\/florianovahut.com\/?post_type=product&#038;p=65551"},"modified":"2026-02-19T10:15:19","modified_gmt":"2026-02-19T09:15:19","slug":"sklenice-kamen-jaspis-cerveny","status":"publish","type":"product","link":"https:\/\/test.esluzby.net\/?product=sklenice-kamen-jaspis-cerveny","title":{"rendered":"Sklenice &#8211; k\u00e1men jaspis \u010derven\u00fd"},"content":{"rendered":"","protected":false},"excerpt":{"rendered":"<p>Sklenice &#8211; k\u00e1men jaspis \u010derven\u00fd. Znamen\u00ed zv\u011brokruhu : PANNA, VODN\u00c1\u0158, V\u00c1HY, BERAN, RYBY.<\/p>\n","protected":false},"featured_media":81857,"comment_status":"closed","ping_status":"closed","template":"","meta":[],"product_brand":[],"product_cat":[121,140,141,125],"product_tag":[],"class_list":{"0":"post-65551","1":"product","2":"type-product","3":"status-publish","4":"has-post-thumbnail","6":"product_cat-darky-pro-zeny","7":"product_cat-sklenice","8":"product_cat-svatebni-darky","9":"product_cat-vanocni-darky","11":"first","12":"instock","13":"shipping-taxable","14":"purchasable","15":"product-type-simple"},"_links":{"self":[{"href":"https:\/\/test.esluzby.net\/index.php?rest_route=\/wp\/v2\/product\/65551","targetHints":{"allow":["GET"]}}],"collection":[{"href":"https:\/\/test.esluzby.net\/index.php?rest_route=\/wp\/v2\/product"}],"about":[{"href":"https:\/\/test.esluzby.net\/index.php?rest_route=\/wp\/v2\/types\/product"}],"replies":[{"embeddable":true,"href":"https:\/\/test.esluzby.net\/index.php?rest_route=%2Fwp%2Fv2%2Fcomments&post=65551"}],"version-history":[{"count":0,"href":"https:\/\/test.esluzby.net\/index.php?rest_route=\/wp\/v2\/product\/65551\/revisions"}],"wp:featuredmedia":[{"embeddable":true,"href":"https:\/\/test.esluzby.net\/index.php?rest_route=\/wp\/v2\/media\/81857"}],"wp:attachment":[{"href":"https:\/\/test.esluzby.net\/index.php?rest_route=%2Fwp%2Fv2%2Fmedia&parent=65551"}],"wp:term":[{"taxonomy":"product_brand","embeddable":true,"href":"https:\/\/test.esluzby.net\/index.php?rest_route=%2Fwp%2Fv2%2Fproduct_brand&post=65551"},{"taxonomy":"product_cat","embeddable":true,"href":"https:\/\/test.esluzby.net\/index.php?rest_route=%2Fwp%2Fv2%2Fproduct_cat&post=65551"},{"taxonomy":"product_tag","embeddable":true,"href":"https:\/\/test.esluzby.net\/index.php?rest_route=%2Fwp%2Fv2%2Fproduct_tag&post=65551"}],"curies":[{"name":"wp","href":"https:\/\/api.w.org\/{rel}","templated":true}]}}