{"id":65554,"date":"2023-08-02T18:56:14","date_gmt":"2023-08-02T16:56:14","guid":{"rendered":"https:\/\/florianovahut.com\/?post_type=product&#038;p=65554"},"modified":"2026-02-19T10:15:19","modified_gmt":"2026-02-19T09:15:19","slug":"sklenice-kamen-turmalin","status":"publish","type":"product","link":"https:\/\/test.esluzby.net\/?product=sklenice-kamen-turmalin","title":{"rendered":"Sklenice &#8211; k\u00e1men turmal\u00edn"},"content":{"rendered":"","protected":false},"excerpt":{"rendered":"<p>Sklenice &#8211; k\u00e1men turmal\u00edn. Znamen\u00ed zv\u011brokruhu : RAK, V\u00c1HY, \u0160T\u00cdR, KOZOROH, RYBY.<\/p>\n","protected":false},"featured_media":81858,"comment_status":"closed","ping_status":"closed","template":"","meta":[],"product_brand":[],"product_cat":[121,140],"product_tag":[],"class_list":{"0":"post-65554","1":"product","2":"type-product","3":"status-publish","4":"has-post-thumbnail","6":"product_cat-darky-pro-zeny","7":"product_cat-sklenice","9":"first","10":"instock","11":"shipping-taxable","12":"purchasable","13":"product-type-simple"},"_links":{"self":[{"href":"https:\/\/test.esluzby.net\/index.php?rest_route=\/wp\/v2\/product\/65554","targetHints":{"allow":["GET"]}}],"collection":[{"href":"https:\/\/test.esluzby.net\/index.php?rest_route=\/wp\/v2\/product"}],"about":[{"href":"https:\/\/test.esluzby.net\/index.php?rest_route=\/wp\/v2\/types\/product"}],"replies":[{"embeddable":true,"href":"https:\/\/test.esluzby.net\/index.php?rest_route=%2Fwp%2Fv2%2Fcomments&post=65554"}],"version-history":[{"count":0,"href":"https:\/\/test.esluzby.net\/index.php?rest_route=\/wp\/v2\/product\/65554\/revisions"}],"wp:featuredmedia":[{"embeddable":true,"href":"https:\/\/test.esluzby.net\/index.php?rest_route=\/wp\/v2\/media\/81858"}],"wp:attachment":[{"href":"https:\/\/test.esluzby.net\/index.php?rest_route=%2Fwp%2Fv2%2Fmedia&parent=65554"}],"wp:term":[{"taxonomy":"product_brand","embeddable":true,"href":"https:\/\/test.esluzby.net\/index.php?rest_route=%2Fwp%2Fv2%2Fproduct_brand&post=65554"},{"taxonomy":"product_cat","embeddable":true,"href":"https:\/\/test.esluzby.net\/index.php?rest_route=%2Fwp%2Fv2%2Fproduct_cat&post=65554"},{"taxonomy":"product_tag","embeddable":true,"href":"https:\/\/test.esluzby.net\/index.php?rest_route=%2Fwp%2Fv2%2Fproduct_tag&post=65554"}],"curies":[{"name":"wp","href":"https:\/\/api.w.org\/{rel}","templated":true}]}}