{"id":65567,"date":"2023-08-01T19:17:23","date_gmt":"2023-08-01T17:17:23","guid":{"rendered":"https:\/\/florianovahut.com\/?post_type=product&#038;p=65567"},"modified":"2026-02-19T10:15:22","modified_gmt":"2026-02-19T09:15:22","slug":"sklenice-kamen-granat","status":"publish","type":"product","link":"https:\/\/test.esluzby.net\/?product=sklenice-kamen-granat","title":{"rendered":"Sklenice &#8211; k\u00e1men gran\u00e1t"},"content":{"rendered":"","protected":false},"excerpt":{"rendered":"<p>Sklenice &#8211; k\u00e1men gran\u00e1t. Znamen\u00ed zv\u011brokruhu : BERAN, \u0160T\u00cdR, LEV, KOZOROH.<\/p>\n","protected":false},"featured_media":81862,"comment_status":"closed","ping_status":"closed","template":"","meta":[],"product_brand":[],"product_cat":[121,138,141,125],"product_tag":[],"class_list":{"0":"post-65567","1":"product","2":"type-product","3":"status-publish","4":"has-post-thumbnail","6":"product_cat-darky-pro-zeny","7":"product_cat-skleneny-pullitr","8":"product_cat-svatebni-darky","9":"product_cat-vanocni-darky","11":"first","12":"outofstock","13":"shipping-taxable","14":"purchasable","15":"product-type-simple"},"_links":{"self":[{"href":"https:\/\/test.esluzby.net\/index.php?rest_route=\/wp\/v2\/product\/65567","targetHints":{"allow":["GET"]}}],"collection":[{"href":"https:\/\/test.esluzby.net\/index.php?rest_route=\/wp\/v2\/product"}],"about":[{"href":"https:\/\/test.esluzby.net\/index.php?rest_route=\/wp\/v2\/types\/product"}],"replies":[{"embeddable":true,"href":"https:\/\/test.esluzby.net\/index.php?rest_route=%2Fwp%2Fv2%2Fcomments&post=65567"}],"version-history":[{"count":0,"href":"https:\/\/test.esluzby.net\/index.php?rest_route=\/wp\/v2\/product\/65567\/revisions"}],"wp:featuredmedia":[{"embeddable":true,"href":"https:\/\/test.esluzby.net\/index.php?rest_route=\/wp\/v2\/media\/81862"}],"wp:attachment":[{"href":"https:\/\/test.esluzby.net\/index.php?rest_route=%2Fwp%2Fv2%2Fmedia&parent=65567"}],"wp:term":[{"taxonomy":"product_brand","embeddable":true,"href":"https:\/\/test.esluzby.net\/index.php?rest_route=%2Fwp%2Fv2%2Fproduct_brand&post=65567"},{"taxonomy":"product_cat","embeddable":true,"href":"https:\/\/test.esluzby.net\/index.php?rest_route=%2Fwp%2Fv2%2Fproduct_cat&post=65567"},{"taxonomy":"product_tag","embeddable":true,"href":"https:\/\/test.esluzby.net\/index.php?rest_route=%2Fwp%2Fv2%2Fproduct_tag&post=65567"}],"curies":[{"name":"wp","href":"https:\/\/api.w.org\/{rel}","templated":true}]}}