{"id":65836,"date":"2020-11-12T14:01:59","date_gmt":"2020-11-12T13:01:59","guid":{"rendered":"https:\/\/florianovahut.com\/?post_type=product&#038;p=65836"},"modified":"2026-02-19T10:15:22","modified_gmt":"2026-02-19T09:15:22","slug":"sklenene-tezitko-se-zelenym-pigmentem","status":"publish","type":"product","link":"https:\/\/test.esluzby.net\/?product=sklenene-tezitko-se-zelenym-pigmentem","title":{"rendered":"Sklen\u011bn\u00e9 t\u011b\u017e\u00edtko se zelen\u00fdm pigmentem"},"content":{"rendered":"","protected":false},"excerpt":{"rendered":"<p>T\u011b\u017e\u00edtko se vyr\u00e1b\u00ed od nepam\u011bti. Mnoho lid\u00ed m\u00e1 ve sv\u00fdch sb\u00edrk\u00e1ch mnoho druh\u016f, jeliko\u017e je mnoho technik, styl\u016f a dekorov\u00e1n\u00ed, kter\u00e9 se u v\u00fdroby t\u011b\u017e\u00edtek pou\u017e\u00edvaj\u00ed. M\u00e1 magickou moc. Svou barevnost\u00ed, \u017e\u00edh\u00e1n\u00edm a zamot\u00e1n\u00edm barev je ka\u017ed\u00e9 t\u011b\u017e\u00edtko origin\u00e1l a d\u00edky tomu tak\u00e9 od nepam\u011bti obl\u00edben\u00fdm d\u00e1rkem ke v\u0161em p\u0159\u00edle\u017eitostem. A jak \u0159ekl klasik: \u201eka\u017ed\u00fd m\u00e1 sv\u00e9 t\u011b\u017e\u00edtko!\u201c<\/p>\n","protected":false},"featured_media":81864,"comment_status":"closed","ping_status":"closed","template":"","meta":[],"product_brand":[],"product_cat":[146],"product_tag":[],"class_list":{"0":"post-65836","1":"product","2":"type-product","3":"status-publish","4":"has-post-thumbnail","6":"product_cat-sklenena-tezitka-a-olejove-lampy","8":"first","9":"instock","10":"shipping-taxable","11":"purchasable","12":"product-type-simple"},"_links":{"self":[{"href":"https:\/\/test.esluzby.net\/index.php?rest_route=\/wp\/v2\/product\/65836","targetHints":{"allow":["GET"]}}],"collection":[{"href":"https:\/\/test.esluzby.net\/index.php?rest_route=\/wp\/v2\/product"}],"about":[{"href":"https:\/\/test.esluzby.net\/index.php?rest_route=\/wp\/v2\/types\/product"}],"replies":[{"embeddable":true,"href":"https:\/\/test.esluzby.net\/index.php?rest_route=%2Fwp%2Fv2%2Fcomments&post=65836"}],"version-history":[{"count":0,"href":"https:\/\/test.esluzby.net\/index.php?rest_route=\/wp\/v2\/product\/65836\/revisions"}],"wp:featuredmedia":[{"embeddable":true,"href":"https:\/\/test.esluzby.net\/index.php?rest_route=\/wp\/v2\/media\/81864"}],"wp:attachment":[{"href":"https:\/\/test.esluzby.net\/index.php?rest_route=%2Fwp%2Fv2%2Fmedia&parent=65836"}],"wp:term":[{"taxonomy":"product_brand","embeddable":true,"href":"https:\/\/test.esluzby.net\/index.php?rest_route=%2Fwp%2Fv2%2Fproduct_brand&post=65836"},{"taxonomy":"product_cat","embeddable":true,"href":"https:\/\/test.esluzby.net\/index.php?rest_route=%2Fwp%2Fv2%2Fproduct_cat&post=65836"},{"taxonomy":"product_tag","embeddable":true,"href":"https:\/\/test.esluzby.net\/index.php?rest_route=%2Fwp%2Fv2%2Fproduct_tag&post=65836"}],"curies":[{"name":"wp","href":"https:\/\/api.w.org\/{rel}","templated":true}]}}