{"id":68083,"date":"2021-03-11T14:24:28","date_gmt":"2021-03-11T13:24:28","guid":{"rendered":"https:\/\/florianovahut.com\/?post_type=product&#038;p=68083"},"modified":"2026-02-19T10:15:32","modified_gmt":"2026-02-19T09:15:32","slug":"tuplak-na-pivo-s-vickem-5","status":"publish","type":"product","link":"https:\/\/test.esluzby.net\/?product=tuplak-na-pivo-s-vickem-5","title":{"rendered":"P\u016fllitr s c\u00ednov\u00fdm v\u00ed\u010dkem"},"content":{"rendered":"","protected":false},"excerpt":{"rendered":"<p>Historick\u00e9 sklo p\u016fllitr a c\u00ednov\u00e9 v\u00ed\u010dko je v\u00fdsledkem na\u0161\u00ed skl\u00e1rny a c\u00edna\u0159sk\u00e9 d\u00edlny. Sklo je tzv. lesn\u00ed sklo. C\u00edna\u0159stv\u00ed je odl\u00e9v\u00e1n\u00ed ozdobn\u00fdch c\u00ednov\u00fdch dekora\u010dn\u00edch prvk\u016f a v\u00fdrobku spojen\u00e9 \u00fazkou spoluprac\u00ed \u010desk\u00fdch skl\u00e1\u0159\u016f a zku\u0161en\u00e9ho pas\u00ed\u0159e. Vyr\u00e1b\u00edme repliky c\u00ednov\u00fdch p\u0159edm\u011bt\u016f, se kter\u00fdmi kombinujeme sklen\u011bn\u00e9 poh\u00e1ry a karafy, v\u00ed\u010dka na pivn\u00ed p\u016fllitry, korbely a dal\u0161\u00ed c\u00ednov\u00e9 p\u0159edm\u011bty a vyr\u00e1b\u00edme v\u011brn\u00e9 repliky p\u016fvodn\u00edch v\u00fdrobk\u016f. V\u0161e je ru\u010dn\u00ed pr\u00e1ce.<\/p>\n","protected":false},"featured_media":81886,"comment_status":"closed","ping_status":"closed","template":"","meta":[],"product_brand":[],"product_cat":[137],"product_tag":[],"class_list":{"0":"post-68083","1":"product","2":"type-product","3":"status-publish","4":"has-post-thumbnail","6":"product_cat-skleneny-pullitr-s-cinovym-vikem","8":"first","9":"outofstock","10":"shipping-taxable","11":"purchasable","12":"product-type-simple"},"_links":{"self":[{"href":"https:\/\/test.esluzby.net\/index.php?rest_route=\/wp\/v2\/product\/68083","targetHints":{"allow":["GET"]}}],"collection":[{"href":"https:\/\/test.esluzby.net\/index.php?rest_route=\/wp\/v2\/product"}],"about":[{"href":"https:\/\/test.esluzby.net\/index.php?rest_route=\/wp\/v2\/types\/product"}],"replies":[{"embeddable":true,"href":"https:\/\/test.esluzby.net\/index.php?rest_route=%2Fwp%2Fv2%2Fcomments&post=68083"}],"version-history":[{"count":0,"href":"https:\/\/test.esluzby.net\/index.php?rest_route=\/wp\/v2\/product\/68083\/revisions"}],"wp:featuredmedia":[{"embeddable":true,"href":"https:\/\/test.esluzby.net\/index.php?rest_route=\/wp\/v2\/media\/81886"}],"wp:attachment":[{"href":"https:\/\/test.esluzby.net\/index.php?rest_route=%2Fwp%2Fv2%2Fmedia&parent=68083"}],"wp:term":[{"taxonomy":"product_brand","embeddable":true,"href":"https:\/\/test.esluzby.net\/index.php?rest_route=%2Fwp%2Fv2%2Fproduct_brand&post=68083"},{"taxonomy":"product_cat","embeddable":true,"href":"https:\/\/test.esluzby.net\/index.php?rest_route=%2Fwp%2Fv2%2Fproduct_cat&post=68083"},{"taxonomy":"product_tag","embeddable":true,"href":"https:\/\/test.esluzby.net\/index.php?rest_route=%2Fwp%2Fv2%2Fproduct_tag&post=68083"}],"curies":[{"name":"wp","href":"https:\/\/api.w.org\/{rel}","templated":true}]}}