{"id":68129,"date":"2021-03-11T15:11:56","date_gmt":"2021-03-11T14:11:56","guid":{"rendered":"https:\/\/florianovahut.com\/?post_type=product&#038;p=68129"},"modified":"2026-02-19T10:15:32","modified_gmt":"2026-02-19T09:15:32","slug":"sklenice-na-vino-250ml-2ks","status":"publish","type":"product","link":"https:\/\/test.esluzby.net\/?product=sklenice-na-vino-250ml-2ks","title":{"rendered":"Sklenice na v\u00edno &#8211; 200ml 2ks"},"content":{"rendered":"","protected":false},"excerpt":{"rendered":"<p>Jedn\u00e1 se o typickou ru\u010dn\u00ed v\u00fdrobu \u010desk\u00e9ho skla foukan\u00e9ho v na\u0161em glass studiu.\u010cesk\u00e9 sklo cel\u00fd sv\u011bt zn\u00e1 jako Glass-Bohemia.Jedn\u00e1 se o sklo sodno -draselno. M\u00e1 velk\u00fd lesk a kr\u00e1sn\u00fd zvuk.<\/p>\n","protected":false},"featured_media":81887,"comment_status":"closed","ping_status":"closed","template":"","meta":[],"product_brand":[],"product_cat":[113,114,140],"product_tag":[],"class_list":{"0":"post-68129","1":"product","2":"type-product","3":"status-publish","4":"has-post-thumbnail","6":"product_cat-historicke-sklo","7":"product_cat-lesni-sklo","8":"product_cat-sklenice","10":"first","11":"outofstock","12":"shipping-taxable","13":"purchasable","14":"product-type-simple"},"_links":{"self":[{"href":"https:\/\/test.esluzby.net\/index.php?rest_route=\/wp\/v2\/product\/68129","targetHints":{"allow":["GET"]}}],"collection":[{"href":"https:\/\/test.esluzby.net\/index.php?rest_route=\/wp\/v2\/product"}],"about":[{"href":"https:\/\/test.esluzby.net\/index.php?rest_route=\/wp\/v2\/types\/product"}],"replies":[{"embeddable":true,"href":"https:\/\/test.esluzby.net\/index.php?rest_route=%2Fwp%2Fv2%2Fcomments&post=68129"}],"version-history":[{"count":0,"href":"https:\/\/test.esluzby.net\/index.php?rest_route=\/wp\/v2\/product\/68129\/revisions"}],"wp:featuredmedia":[{"embeddable":true,"href":"https:\/\/test.esluzby.net\/index.php?rest_route=\/wp\/v2\/media\/81887"}],"wp:attachment":[{"href":"https:\/\/test.esluzby.net\/index.php?rest_route=%2Fwp%2Fv2%2Fmedia&parent=68129"}],"wp:term":[{"taxonomy":"product_brand","embeddable":true,"href":"https:\/\/test.esluzby.net\/index.php?rest_route=%2Fwp%2Fv2%2Fproduct_brand&post=68129"},{"taxonomy":"product_cat","embeddable":true,"href":"https:\/\/test.esluzby.net\/index.php?rest_route=%2Fwp%2Fv2%2Fproduct_cat&post=68129"},{"taxonomy":"product_tag","embeddable":true,"href":"https:\/\/test.esluzby.net\/index.php?rest_route=%2Fwp%2Fv2%2Fproduct_tag&post=68129"}],"curies":[{"name":"wp","href":"https:\/\/api.w.org\/{rel}","templated":true}]}}