{"id":69341,"date":"2021-06-21T13:29:28","date_gmt":"2021-06-21T11:29:28","guid":{"rendered":"https:\/\/florianovahut.com\/?post_type=product&#038;p=69341"},"modified":"2026-02-19T10:15:39","modified_gmt":"2026-02-19T09:15:39","slug":"secesni-zardiniera-2","status":"publish","type":"product","link":"https:\/\/test.esluzby.net\/?product=secesni-zardiniera-2","title":{"rendered":"Secesn\u00ed \u017eardini\u00e9ra"},"content":{"rendered":"","protected":false},"excerpt":{"rendered":"<p>Secesn\u00ed \u017eardini\u00e9ra &#8211; replika V\u00edde\u0148 1880 &#8211; 1920. Kopie origin\u00e1ln\u00edho modelu. Brou\u0161en\u00e9 ru\u010dn\u00ed sklo, c\u00ednov\u00e1 montura &#8211; ru\u010dn\u00ed odlitek.<\/p>\n","protected":false},"featured_media":81897,"comment_status":"closed","ping_status":"closed","template":"","meta":[],"product_brand":[],"product_cat":[124],"product_tag":[],"class_list":{"0":"post-69341","1":"product","2":"type-product","3":"status-publish","4":"has-post-thumbnail","6":"product_cat-sklenene-misy","8":"first","9":"outofstock","10":"shipping-taxable","11":"purchasable","12":"product-type-simple"},"_links":{"self":[{"href":"https:\/\/test.esluzby.net\/index.php?rest_route=\/wp\/v2\/product\/69341","targetHints":{"allow":["GET"]}}],"collection":[{"href":"https:\/\/test.esluzby.net\/index.php?rest_route=\/wp\/v2\/product"}],"about":[{"href":"https:\/\/test.esluzby.net\/index.php?rest_route=\/wp\/v2\/types\/product"}],"replies":[{"embeddable":true,"href":"https:\/\/test.esluzby.net\/index.php?rest_route=%2Fwp%2Fv2%2Fcomments&post=69341"}],"version-history":[{"count":0,"href":"https:\/\/test.esluzby.net\/index.php?rest_route=\/wp\/v2\/product\/69341\/revisions"}],"wp:featuredmedia":[{"embeddable":true,"href":"https:\/\/test.esluzby.net\/index.php?rest_route=\/wp\/v2\/media\/81897"}],"wp:attachment":[{"href":"https:\/\/test.esluzby.net\/index.php?rest_route=%2Fwp%2Fv2%2Fmedia&parent=69341"}],"wp:term":[{"taxonomy":"product_brand","embeddable":true,"href":"https:\/\/test.esluzby.net\/index.php?rest_route=%2Fwp%2Fv2%2Fproduct_brand&post=69341"},{"taxonomy":"product_cat","embeddable":true,"href":"https:\/\/test.esluzby.net\/index.php?rest_route=%2Fwp%2Fv2%2Fproduct_cat&post=69341"},{"taxonomy":"product_tag","embeddable":true,"href":"https:\/\/test.esluzby.net\/index.php?rest_route=%2Fwp%2Fv2%2Fproduct_tag&post=69341"}],"curies":[{"name":"wp","href":"https:\/\/api.w.org\/{rel}","templated":true}]}}