{"id":69905,"date":"2021-07-20T11:42:21","date_gmt":"2021-07-20T09:42:21","guid":{"rendered":"https:\/\/florianovahut.com\/?post_type=product&#038;p=69905"},"modified":"2026-02-19T10:15:45","modified_gmt":"2026-02-19T09:15:45","slug":"darkova-sada-na-vino","status":"publish","type":"product","link":"https:\/\/test.esluzby.net\/?product=darkova-sada-na-vino","title":{"rendered":"D\u00e1rkov\u00e1 sada na v\u00edno"},"content":{"rendered":"<p data-start=\"284\" data-end=\"565\">Souprava je v\u00fdsledkem spolupr\u00e1ce na\u0161\u00ed skl\u00e1rny a c\u00edna\u0159sk\u00e9 d\u00edlny. Sklen\u011bn\u00e9 \u010d\u00e1sti jsou vyrobeny z tzv. lesn\u00edho skla, kter\u00e9 se vyzna\u010duje typick\u00fdm zabarven\u00edm a tradi\u010dn\u00ed technologi\u00ed v\u00fdroby. C\u00edna\u0159stv\u00ed zde p\u0159edstavuje um\u011bn\u00ed odl\u00e9v\u00e1n\u00ed ozdobn\u00fdch dekora\u010dn\u00edch prvk\u016f a jejich n\u00e1sledn\u00e9 zdoben\u00ed.<\/p>\n<p data-start=\"567\" data-end=\"862\">Spojen\u00edm \u0159emesln\u00e9ho umu \u010desk\u00fdch skl\u00e1\u0159\u016f a zku\u0161en\u00e9ho pas\u00ed\u0159e vznikaj\u00ed jedine\u010dn\u00e9 repliky historick\u00fdch c\u00ednov\u00fdch p\u0159edm\u011bt\u016f, kter\u00e9 kombinujeme se sklen\u011bn\u00fdmi poh\u00e1ry, karafami, v\u00ed\u010dky na pivn\u00ed p\u016fllitry a dal\u0161\u00edmi v\u00fdrobky. Ka\u017ed\u00fd kus je poctivou ru\u010dn\u00ed prac\u00ed a odkazem na tradici \u010desk\u00e9ho skl\u00e1\u0159stv\u00ed a c\u00edna\u0159stv\u00ed.<\/p>\n","protected":false},"excerpt":{"rendered":"<p data-start=\"284\" data-end=\"565\">Ru\u010dn\u00ed v\u00fdroba sklen\u011bn\u00fdch a c\u00ednov\u00fdch replik. Lesn\u00ed sklo, c\u00edna\u0159sk\u00e9 zdoben\u00ed, origin\u00e1ln\u00ed poh\u00e1ry, karafy a p\u016fllitry \u010desk\u00e9 tradi\u010dn\u00ed kvality.<\/p>\n","protected":false},"featured_media":81911,"comment_status":"closed","ping_status":"closed","template":"","meta":[],"product_brand":[],"product_cat":[113,145,141],"product_tag":[],"class_list":{"0":"post-69905","1":"product","2":"type-product","3":"status-publish","4":"has-post-thumbnail","6":"product_cat-historicke-sklo","7":"product_cat-sklenene-soupravy","8":"product_cat-svatebni-darky","10":"first","11":"instock","12":"sale","13":"shipping-taxable","14":"purchasable","15":"product-type-simple"},"_links":{"self":[{"href":"https:\/\/test.esluzby.net\/index.php?rest_route=\/wp\/v2\/product\/69905","targetHints":{"allow":["GET"]}}],"collection":[{"href":"https:\/\/test.esluzby.net\/index.php?rest_route=\/wp\/v2\/product"}],"about":[{"href":"https:\/\/test.esluzby.net\/index.php?rest_route=\/wp\/v2\/types\/product"}],"replies":[{"embeddable":true,"href":"https:\/\/test.esluzby.net\/index.php?rest_route=%2Fwp%2Fv2%2Fcomments&post=69905"}],"version-history":[{"count":0,"href":"https:\/\/test.esluzby.net\/index.php?rest_route=\/wp\/v2\/product\/69905\/revisions"}],"wp:featuredmedia":[{"embeddable":true,"href":"https:\/\/test.esluzby.net\/index.php?rest_route=\/wp\/v2\/media\/81911"}],"wp:attachment":[{"href":"https:\/\/test.esluzby.net\/index.php?rest_route=%2Fwp%2Fv2%2Fmedia&parent=69905"}],"wp:term":[{"taxonomy":"product_brand","embeddable":true,"href":"https:\/\/test.esluzby.net\/index.php?rest_route=%2Fwp%2Fv2%2Fproduct_brand&post=69905"},{"taxonomy":"product_cat","embeddable":true,"href":"https:\/\/test.esluzby.net\/index.php?rest_route=%2Fwp%2Fv2%2Fproduct_cat&post=69905"},{"taxonomy":"product_tag","embeddable":true,"href":"https:\/\/test.esluzby.net\/index.php?rest_route=%2Fwp%2Fv2%2Fproduct_tag&post=69905"}],"curies":[{"name":"wp","href":"https:\/\/api.w.org\/{rel}","templated":true}]}}