{"id":70346,"date":"2021-08-03T16:40:44","date_gmt":"2021-08-03T14:40:44","guid":{"rendered":"https:\/\/florianovahut.com\/?post_type=product&#038;p=70346"},"modified":"2026-02-19T10:15:51","modified_gmt":"2026-02-19T09:15:51","slug":"skleneny-pullitr-105-5122-0500-12-01-500","status":"publish","type":"product","link":"https:\/\/test.esluzby.net\/?product=skleneny-pullitr-105-5122-0500-12-01-500","title":{"rendered":"P\u016fllitr 0,5l &#8211; Bambus &#8211; lesn\u00ed zelen\u00e1"},"content":{"rendered":"<p>Dekor \u201eBambus\u201c nen\u00ed m\u00f3dn\u00ed novinka, ale historick\u00fd vzor optick\u00e9ho skla, kter\u00fd se v \u010desk\u00fdch hut\u00edch pou\u017e\u00edv\u00e1 u\u017e po stalet\u00ed. Vznikl jako sou\u010d\u00e1st tradice reli\u00e9fn\u00edch forem, roz\u0161\u00ed\u0159il se v 19. stolet\u00ed a d\u00edky sv\u00e9 nad\u010dasov\u00e9 estetice se udr\u017eel a\u017e do dne\u0161n\u00edch dn\u016f.<\/p>\n<p>Dekor tvo\u0159\u00ed vertik\u00e1ln\u00ed nebo m\u00edrn\u011b zvln\u011bn\u00e9 linie, kter\u00e9 evokuj\u00ed strukturu bambusu a d\u00edky lomu sv\u011btla na t\u011bchto vertik\u00e1ln\u00edch \u017eebrech p\u016fsob\u00ed sklo \u017eiv\u011b a plasticky.<\/p>\n<p>Klasick\u00fd ru\u010dn\u011b vyr\u00e1b\u011bny sklen\u011bn\u00fd p\u016fllitr je ide\u00e1ln\u00ed d\u00e1rek. Pravou volbou pro serv\u00edrov\u00e1n\u00ed piva a jin\u00fdch chladn\u00fdch n\u00e1poj\u016f. Vyroben\u00fd z \u010desk\u00e9ho \u010dir\u00e9ho a barevn\u00e9ho skla, nab\u00edz\u00ed vysokou pevnost, p\u0159\u00edjemnou hmotnost a pohodln\u00e9 dr\u017een\u00ed d\u00edky masivn\u00edmu uchu. Siln\u00e9 st\u011bny pom\u00e1haj\u00ed udr\u017eet n\u00e1poj d\u00e9le chladn\u00fd a zaji\u0161\u0165uj\u00ed dlouhou \u017eivotnost p\u0159i ka\u017edodenn\u00edm pou\u017e\u00edv\u00e1n\u00ed.<\/p>\n<p>Sklen\u011bn\u00e9 t\u0159etinky, p\u016fllitry, tupl\u00e1ky \u2013 jedn\u00e1 se o typickou ru\u010dn\u00ed v\u00fdrobu \u010desk\u00e9ho skla foukan\u00e9ho v na\u0161em glass studiu. Sklo sodno-draseln\u00e9, m\u00e1 velk\u00fd lesk a kr\u00e1sn\u00fd zvuk. P\u016fllitry, t\u0159etinky, tupl\u00e1ky lze zdobit ryt\u00edm, malov\u00e1n\u00edm, vypalovac\u00edm obtiskem, p\u00edskov\u00e1n\u00edm, c\u00ednovou plaketou, c\u00ednovou ozdobou nebo opat\u0159it c\u00ednov\u00fdm v\u00ed\u010dkem.<\/p>\n","protected":false},"excerpt":{"rendered":"<p>V kolekci Bambus u n\u00e1s najdete tak\u00e9 d\u017eb\u00e1ny a nejr\u016fzn\u011bj\u0161\u00ed sklenice, d\u017eb\u00e1ny, m\u00edsy, v\u00e1zy \u010di petrolejov\u00e9 lampy. Kolekce Bambus je nad\u010dasov\u00e1, decentn\u00ed a p\u0159itom v\u00fdrazn\u00e1.<\/p>\n","protected":false},"featured_media":81923,"comment_status":"closed","ping_status":"closed","template":"","meta":[],"product_brand":[],"product_cat":[122,113,114,138],"product_tag":[],"class_list":{"0":"post-70346","1":"product","2":"type-product","3":"status-publish","4":"has-post-thumbnail","6":"product_cat-bambus","7":"product_cat-historicke-sklo","8":"product_cat-lesni-sklo","9":"product_cat-skleneny-pullitr","11":"first","12":"instock","13":"sale","14":"shipping-taxable","15":"purchasable","16":"product-type-simple"},"_links":{"self":[{"href":"https:\/\/test.esluzby.net\/index.php?rest_route=\/wp\/v2\/product\/70346","targetHints":{"allow":["GET"]}}],"collection":[{"href":"https:\/\/test.esluzby.net\/index.php?rest_route=\/wp\/v2\/product"}],"about":[{"href":"https:\/\/test.esluzby.net\/index.php?rest_route=\/wp\/v2\/types\/product"}],"replies":[{"embeddable":true,"href":"https:\/\/test.esluzby.net\/index.php?rest_route=%2Fwp%2Fv2%2Fcomments&post=70346"}],"version-history":[{"count":0,"href":"https:\/\/test.esluzby.net\/index.php?rest_route=\/wp\/v2\/product\/70346\/revisions"}],"wp:featuredmedia":[{"embeddable":true,"href":"https:\/\/test.esluzby.net\/index.php?rest_route=\/wp\/v2\/media\/81923"}],"wp:attachment":[{"href":"https:\/\/test.esluzby.net\/index.php?rest_route=%2Fwp%2Fv2%2Fmedia&parent=70346"}],"wp:term":[{"taxonomy":"product_brand","embeddable":true,"href":"https:\/\/test.esluzby.net\/index.php?rest_route=%2Fwp%2Fv2%2Fproduct_brand&post=70346"},{"taxonomy":"product_cat","embeddable":true,"href":"https:\/\/test.esluzby.net\/index.php?rest_route=%2Fwp%2Fv2%2Fproduct_cat&post=70346"},{"taxonomy":"product_tag","embeddable":true,"href":"https:\/\/test.esluzby.net\/index.php?rest_route=%2Fwp%2Fv2%2Fproduct_tag&post=70346"}],"curies":[{"name":"wp","href":"https:\/\/api.w.org\/{rel}","templated":true}]}}