{"id":70430,"date":"2021-08-03T20:12:11","date_gmt":"2021-08-03T18:12:11","guid":{"rendered":"https:\/\/florianovahut.com\/?post_type=product&#038;p=70430"},"modified":"2026-02-19T10:15:53","modified_gmt":"2026-02-19T09:15:53","slug":"skleneny-dzban-103-0139-1500-12-01-000","status":"publish","type":"product","link":"https:\/\/test.esluzby.net\/?product=skleneny-dzban-103-0139-1500-12-01-000","title":{"rendered":"D\u017eb\u00e1n Basic &#8211; lesn\u00ed zelen\u00e1 1,5l"},"content":{"rendered":"","protected":false},"excerpt":{"rendered":"<p>Jedn\u00e1 se o typickou ru\u010dn\u00ed v\u00fdrobu \u010desk\u00e9ho sklafoukan\u00e9ho v na\u0161em glass studiu.\u010cesk\u00e9Sklocel\u00fd sv\u011bt zn\u00e1 jako Glass-Bohemia.Jedn\u00e1 se o sklo sodno -draselno ma velky lesk a krasn\u00fd zvuk.<\/p>\n","protected":false},"featured_media":81927,"comment_status":"closed","ping_status":"closed","template":"","meta":[],"product_brand":[],"product_cat":[119],"product_tag":[],"class_list":{"0":"post-70430","1":"product","2":"type-product","3":"status-publish","4":"has-post-thumbnail","6":"product_cat-sklenene-dzbany","8":"first","9":"instock","10":"shipping-taxable","11":"purchasable","12":"product-type-simple"},"_links":{"self":[{"href":"https:\/\/test.esluzby.net\/index.php?rest_route=\/wp\/v2\/product\/70430","targetHints":{"allow":["GET"]}}],"collection":[{"href":"https:\/\/test.esluzby.net\/index.php?rest_route=\/wp\/v2\/product"}],"about":[{"href":"https:\/\/test.esluzby.net\/index.php?rest_route=\/wp\/v2\/types\/product"}],"replies":[{"embeddable":true,"href":"https:\/\/test.esluzby.net\/index.php?rest_route=%2Fwp%2Fv2%2Fcomments&post=70430"}],"version-history":[{"count":0,"href":"https:\/\/test.esluzby.net\/index.php?rest_route=\/wp\/v2\/product\/70430\/revisions"}],"wp:featuredmedia":[{"embeddable":true,"href":"https:\/\/test.esluzby.net\/index.php?rest_route=\/wp\/v2\/media\/81927"}],"wp:attachment":[{"href":"https:\/\/test.esluzby.net\/index.php?rest_route=%2Fwp%2Fv2%2Fmedia&parent=70430"}],"wp:term":[{"taxonomy":"product_brand","embeddable":true,"href":"https:\/\/test.esluzby.net\/index.php?rest_route=%2Fwp%2Fv2%2Fproduct_brand&post=70430"},{"taxonomy":"product_cat","embeddable":true,"href":"https:\/\/test.esluzby.net\/index.php?rest_route=%2Fwp%2Fv2%2Fproduct_cat&post=70430"},{"taxonomy":"product_tag","embeddable":true,"href":"https:\/\/test.esluzby.net\/index.php?rest_route=%2Fwp%2Fv2%2Fproduct_tag&post=70430"}],"curies":[{"name":"wp","href":"https:\/\/api.w.org\/{rel}","templated":true}]}}