{"id":71633,"date":"2021-10-07T18:02:37","date_gmt":"2021-10-07T16:02:37","guid":{"rendered":"https:\/\/florianovahut.com\/?post_type=product&#038;p=71633"},"modified":"2026-02-19T10:16:01","modified_gmt":"2026-02-19T09:16:01","slug":"zvonek-zdobeny-kopirovat","status":"publish","type":"product","link":"https:\/\/test.esluzby.net\/?product=zvonek-zdobeny-kopirovat","title":{"rendered":"Zvonek zdoben\u00fd"},"content":{"rendered":"","protected":false},"excerpt":{"rendered":"<p>Dekorace do ka\u017ed\u00e9ho bytu <\/p>\n","protected":false},"featured_media":81943,"comment_status":"closed","ping_status":"closed","template":"","meta":[],"product_brand":[],"product_cat":[148],"product_tag":[],"class_list":{"0":"post-71633","1":"product","2":"type-product","3":"status-publish","4":"has-post-thumbnail","6":"product_cat-sklenene-zvonky","8":"first","9":"instock","10":"shipping-taxable","11":"purchasable","12":"product-type-simple"},"_links":{"self":[{"href":"https:\/\/test.esluzby.net\/index.php?rest_route=\/wp\/v2\/product\/71633","targetHints":{"allow":["GET"]}}],"collection":[{"href":"https:\/\/test.esluzby.net\/index.php?rest_route=\/wp\/v2\/product"}],"about":[{"href":"https:\/\/test.esluzby.net\/index.php?rest_route=\/wp\/v2\/types\/product"}],"replies":[{"embeddable":true,"href":"https:\/\/test.esluzby.net\/index.php?rest_route=%2Fwp%2Fv2%2Fcomments&post=71633"}],"version-history":[{"count":0,"href":"https:\/\/test.esluzby.net\/index.php?rest_route=\/wp\/v2\/product\/71633\/revisions"}],"wp:featuredmedia":[{"embeddable":true,"href":"https:\/\/test.esluzby.net\/index.php?rest_route=\/wp\/v2\/media\/81943"}],"wp:attachment":[{"href":"https:\/\/test.esluzby.net\/index.php?rest_route=%2Fwp%2Fv2%2Fmedia&parent=71633"}],"wp:term":[{"taxonomy":"product_brand","embeddable":true,"href":"https:\/\/test.esluzby.net\/index.php?rest_route=%2Fwp%2Fv2%2Fproduct_brand&post=71633"},{"taxonomy":"product_cat","embeddable":true,"href":"https:\/\/test.esluzby.net\/index.php?rest_route=%2Fwp%2Fv2%2Fproduct_cat&post=71633"},{"taxonomy":"product_tag","embeddable":true,"href":"https:\/\/test.esluzby.net\/index.php?rest_route=%2Fwp%2Fv2%2Fproduct_tag&post=71633"}],"curies":[{"name":"wp","href":"https:\/\/api.w.org\/{rel}","templated":true}]}}