{"id":71666,"date":"2021-10-07T19:05:19","date_gmt":"2021-10-07T17:05:19","guid":{"rendered":"https:\/\/florianovahut.com\/?post_type=product&#038;p=71666"},"modified":"2026-02-19T10:16:04","modified_gmt":"2026-02-19T09:16:04","slug":"skleneny-svicen-pana-secese-3","status":"publish","type":"product","link":"https:\/\/test.esluzby.net\/?product=skleneny-svicen-pana-secese-3","title":{"rendered":"Sklen\u011bn\u00fd sv\u00edcen &#8211; panna secese"},"content":{"rendered":"","protected":false},"excerpt":{"rendered":"<p>Secese je styl t\u00e9to repliky z obdob\u00ed kolem r.1900, kdy v \u010cech\u00e1ch doch\u00e1zelo k velk\u00e9mu rozvoji stylu secese &#8211; Mucha,Letz,Palme,Kr\u00e1l\u00edk a jin\u00ed.C\u00ednov\u00e1 montura je spojena se sklem. V\u0161e vyrobeno ru\u010dn\u011b. C\u00ednov\u00fd odlitek Sn99% a sodnodraseln\u00e9 sklo barveno \u017eelezem na lesn\u00ed zelenou, tzv. lesn\u00ed sklo.<\/p>\n","protected":false},"featured_media":81948,"comment_status":"closed","ping_status":"closed","template":"","meta":[],"product_brand":[],"product_cat":[120,121,113,110,125],"product_tag":[],"class_list":{"0":"post-71666","1":"product","2":"type-product","3":"status-publish","4":"has-post-thumbnail","6":"product_cat-darky-pro-muze","7":"product_cat-darky-pro-zeny","8":"product_cat-historicke-sklo","9":"product_cat-sklenene-svicny","10":"product_cat-vanocni-darky","12":"first","13":"instock","14":"shipping-taxable","15":"purchasable","16":"product-type-simple"},"_links":{"self":[{"href":"https:\/\/test.esluzby.net\/index.php?rest_route=\/wp\/v2\/product\/71666","targetHints":{"allow":["GET"]}}],"collection":[{"href":"https:\/\/test.esluzby.net\/index.php?rest_route=\/wp\/v2\/product"}],"about":[{"href":"https:\/\/test.esluzby.net\/index.php?rest_route=\/wp\/v2\/types\/product"}],"replies":[{"embeddable":true,"href":"https:\/\/test.esluzby.net\/index.php?rest_route=%2Fwp%2Fv2%2Fcomments&post=71666"}],"version-history":[{"count":0,"href":"https:\/\/test.esluzby.net\/index.php?rest_route=\/wp\/v2\/product\/71666\/revisions"}],"wp:featuredmedia":[{"embeddable":true,"href":"https:\/\/test.esluzby.net\/index.php?rest_route=\/wp\/v2\/media\/81948"}],"wp:attachment":[{"href":"https:\/\/test.esluzby.net\/index.php?rest_route=%2Fwp%2Fv2%2Fmedia&parent=71666"}],"wp:term":[{"taxonomy":"product_brand","embeddable":true,"href":"https:\/\/test.esluzby.net\/index.php?rest_route=%2Fwp%2Fv2%2Fproduct_brand&post=71666"},{"taxonomy":"product_cat","embeddable":true,"href":"https:\/\/test.esluzby.net\/index.php?rest_route=%2Fwp%2Fv2%2Fproduct_cat&post=71666"},{"taxonomy":"product_tag","embeddable":true,"href":"https:\/\/test.esluzby.net\/index.php?rest_route=%2Fwp%2Fv2%2Fproduct_tag&post=71666"}],"curies":[{"name":"wp","href":"https:\/\/api.w.org\/{rel}","templated":true}]}}