{"id":71951,"date":"2021-10-20T19:22:07","date_gmt":"2021-10-20T17:22:07","guid":{"rendered":"https:\/\/florianovahut.com\/?post_type=product&#038;p=71951"},"modified":"2026-02-19T10:16:05","modified_gmt":"2026-02-19T09:16:05","slug":"el-petrolejova-lampa-0905-1502-12","status":"publish","type":"product","link":"https:\/\/test.esluzby.net\/?product=el-petrolejova-lampa-0905-1502-12","title":{"rendered":"Elektrick\u00e1 petrolejov\u00e1 lampa"},"content":{"rendered":"","protected":false},"excerpt":{"rendered":"<p>Elektrick\u00e1 petrolejov\u00e1 lampa (design star\u00fdch petrolejov\u00fdch lamp) je vzhledov\u011b stejn\u00e1. Ve strojku m\u00e1 m\u00edsto knotu obj\u00edmku a \u017e\u00e1rovku. Je osazena s\u00ed\u0165ovou \u0161\u0148\u016frou a vyp\u00edna\u010dem. Mo\u017eno pou\u017e\u00edt \u00fasporn\u00e9 LED \u017e\u00e1rovky.<\/p>\n","protected":false},"featured_media":81950,"comment_status":"closed","ping_status":"closed","template":"","meta":[],"product_brand":[],"product_cat":[135],"product_tag":[],"class_list":{"0":"post-71951","1":"product","2":"type-product","3":"status-publish","4":"has-post-thumbnail","6":"product_cat-sklenene-elektricke-lampy","8":"first","9":"outofstock","10":"featured","11":"shipping-taxable","12":"purchasable","13":"product-type-simple"},"_links":{"self":[{"href":"https:\/\/test.esluzby.net\/index.php?rest_route=\/wp\/v2\/product\/71951","targetHints":{"allow":["GET"]}}],"collection":[{"href":"https:\/\/test.esluzby.net\/index.php?rest_route=\/wp\/v2\/product"}],"about":[{"href":"https:\/\/test.esluzby.net\/index.php?rest_route=\/wp\/v2\/types\/product"}],"replies":[{"embeddable":true,"href":"https:\/\/test.esluzby.net\/index.php?rest_route=%2Fwp%2Fv2%2Fcomments&post=71951"}],"version-history":[{"count":0,"href":"https:\/\/test.esluzby.net\/index.php?rest_route=\/wp\/v2\/product\/71951\/revisions"}],"wp:featuredmedia":[{"embeddable":true,"href":"https:\/\/test.esluzby.net\/index.php?rest_route=\/wp\/v2\/media\/81950"}],"wp:attachment":[{"href":"https:\/\/test.esluzby.net\/index.php?rest_route=%2Fwp%2Fv2%2Fmedia&parent=71951"}],"wp:term":[{"taxonomy":"product_brand","embeddable":true,"href":"https:\/\/test.esluzby.net\/index.php?rest_route=%2Fwp%2Fv2%2Fproduct_brand&post=71951"},{"taxonomy":"product_cat","embeddable":true,"href":"https:\/\/test.esluzby.net\/index.php?rest_route=%2Fwp%2Fv2%2Fproduct_cat&post=71951"},{"taxonomy":"product_tag","embeddable":true,"href":"https:\/\/test.esluzby.net\/index.php?rest_route=%2Fwp%2Fv2%2Fproduct_tag&post=71951"}],"curies":[{"name":"wp","href":"https:\/\/api.w.org\/{rel}","templated":true}]}}