{"id":72162,"date":"2021-10-26T16:04:33","date_gmt":"2021-10-26T14:04:33","guid":{"rendered":"https:\/\/florianovahut.com\/?post_type=product&#038;p=72162"},"modified":"2026-02-19T10:16:05","modified_gmt":"2026-02-19T09:16:05","slug":"tezitko-motyl-12","status":"publish","type":"product","link":"https:\/\/test.esluzby.net\/?product=tezitko-motyl-12","title":{"rendered":"T\u011b\u017e\u00edtko mot\u00fdl 12"},"content":{"rendered":"","protected":false},"excerpt":{"rendered":"<p>P\u0159ekr\u00e1sn\u00fd d\u00e1rek. Ka\u017ed\u00fd kus je origin\u00e1l.Barevnost mot\u00fdlu se m\u016f\u017ee li\u0161it dle skladov\u00e9 dostupnosti.<\/p>\n","protected":false},"featured_media":81952,"comment_status":"closed","ping_status":"closed","template":"","meta":[],"product_brand":[],"product_cat":[146],"product_tag":[],"class_list":{"0":"post-72162","1":"product","2":"type-product","3":"status-publish","4":"has-post-thumbnail","6":"product_cat-sklenena-tezitka-a-olejove-lampy","8":"first","9":"outofstock","10":"shipping-taxable","11":"purchasable","12":"product-type-simple"},"_links":{"self":[{"href":"https:\/\/test.esluzby.net\/index.php?rest_route=\/wp\/v2\/product\/72162","targetHints":{"allow":["GET"]}}],"collection":[{"href":"https:\/\/test.esluzby.net\/index.php?rest_route=\/wp\/v2\/product"}],"about":[{"href":"https:\/\/test.esluzby.net\/index.php?rest_route=\/wp\/v2\/types\/product"}],"replies":[{"embeddable":true,"href":"https:\/\/test.esluzby.net\/index.php?rest_route=%2Fwp%2Fv2%2Fcomments&post=72162"}],"version-history":[{"count":0,"href":"https:\/\/test.esluzby.net\/index.php?rest_route=\/wp\/v2\/product\/72162\/revisions"}],"wp:featuredmedia":[{"embeddable":true,"href":"https:\/\/test.esluzby.net\/index.php?rest_route=\/wp\/v2\/media\/81952"}],"wp:attachment":[{"href":"https:\/\/test.esluzby.net\/index.php?rest_route=%2Fwp%2Fv2%2Fmedia&parent=72162"}],"wp:term":[{"taxonomy":"product_brand","embeddable":true,"href":"https:\/\/test.esluzby.net\/index.php?rest_route=%2Fwp%2Fv2%2Fproduct_brand&post=72162"},{"taxonomy":"product_cat","embeddable":true,"href":"https:\/\/test.esluzby.net\/index.php?rest_route=%2Fwp%2Fv2%2Fproduct_cat&post=72162"},{"taxonomy":"product_tag","embeddable":true,"href":"https:\/\/test.esluzby.net\/index.php?rest_route=%2Fwp%2Fv2%2Fproduct_tag&post=72162"}],"curies":[{"name":"wp","href":"https:\/\/api.w.org\/{rel}","templated":true}]}}