{"id":72530,"date":"2021-11-08T18:14:47","date_gmt":"2021-11-08T17:14:47","guid":{"rendered":"https:\/\/florianovahut.com\/?post_type=product&#038;p=72530"},"modified":"2026-02-19T10:16:07","modified_gmt":"2026-02-19T09:16:07","slug":"zahradni-lampa-kovarska-baletka","status":"publish","type":"product","link":"https:\/\/test.esluzby.net\/?product=zahradni-lampa-kovarska-baletka","title":{"rendered":"Zahradn\u00ed lampa kov\u00e1\u0159sk\u00e1 &#8211; baletka"},"content":{"rendered":"","protected":false},"excerpt":{"rendered":"<p>Petrolejov\u00e1 lampa je zdrojem sv\u011btla ji\u017e od d\u00e1vn\u00fdch \u010das\u016f. V sou\u010dasnosti je ur\u010dena pro romantick\u00e9 okam\u017eiky a chvilky odpo\u010dinku, relaxace. Tyto kov\u00e1\u0159sk\u00e9 lampy zdob\u00ed zahrady, parky, alt\u00e1ny. Lampy pln\u00edme petrolejem nebo lampov\u00fdm olejem. P\u0159i nalit\u00ed n\u00e1dr\u017eky neboli baz\u00e9nky je nutno cca 2-3 hodiny vy\u010dkat, aby se knot mohl dostate\u010dn\u011b nas\u00e1knout. Knot rovn\u011b st\u0159i\u017een\u00fd zap\u00e1l\u00edme a jakmile se zah\u0159eje ho\u0159\u00e1k, zasuneme knot do ho\u0159\u00e1ku. T\u00edm doc\u00edl\u00edme jemn\u00e9ho spojen\u00e9ho sv\u011btla, kdy ho\u0159\u00ed olej z baz\u00e9nky a knot ne\u010doud\u00ed.<\/p>\n","protected":false},"featured_media":81961,"comment_status":"closed","ping_status":"closed","template":"","meta":[],"product_brand":[],"product_cat":[134],"product_tag":[],"class_list":{"0":"post-72530","1":"product","2":"type-product","3":"status-publish","4":"has-post-thumbnail","6":"product_cat-premiove-petrolejove-lampy","8":"first","9":"instock","10":"shipping-taxable","11":"purchasable","12":"product-type-simple"},"_links":{"self":[{"href":"https:\/\/test.esluzby.net\/index.php?rest_route=\/wp\/v2\/product\/72530","targetHints":{"allow":["GET"]}}],"collection":[{"href":"https:\/\/test.esluzby.net\/index.php?rest_route=\/wp\/v2\/product"}],"about":[{"href":"https:\/\/test.esluzby.net\/index.php?rest_route=\/wp\/v2\/types\/product"}],"replies":[{"embeddable":true,"href":"https:\/\/test.esluzby.net\/index.php?rest_route=%2Fwp%2Fv2%2Fcomments&post=72530"}],"version-history":[{"count":0,"href":"https:\/\/test.esluzby.net\/index.php?rest_route=\/wp\/v2\/product\/72530\/revisions"}],"wp:featuredmedia":[{"embeddable":true,"href":"https:\/\/test.esluzby.net\/index.php?rest_route=\/wp\/v2\/media\/81961"}],"wp:attachment":[{"href":"https:\/\/test.esluzby.net\/index.php?rest_route=%2Fwp%2Fv2%2Fmedia&parent=72530"}],"wp:term":[{"taxonomy":"product_brand","embeddable":true,"href":"https:\/\/test.esluzby.net\/index.php?rest_route=%2Fwp%2Fv2%2Fproduct_brand&post=72530"},{"taxonomy":"product_cat","embeddable":true,"href":"https:\/\/test.esluzby.net\/index.php?rest_route=%2Fwp%2Fv2%2Fproduct_cat&post=72530"},{"taxonomy":"product_tag","embeddable":true,"href":"https:\/\/test.esluzby.net\/index.php?rest_route=%2Fwp%2Fv2%2Fproduct_tag&post=72530"}],"curies":[{"name":"wp","href":"https:\/\/api.w.org\/{rel}","templated":true}]}}