{"id":73344,"date":"2021-12-03T08:42:22","date_gmt":"2021-12-03T07:42:22","guid":{"rendered":"https:\/\/florianovahut.com\/?post_type=product&#038;p=73344"},"modified":"2026-02-19T10:16:11","modified_gmt":"2026-02-19T09:16:11","slug":"zvonek-9","status":"publish","type":"product","link":"https:\/\/test.esluzby.net\/?product=zvonek-9","title":{"rendered":"Zvonek Flori\u00e1n"},"content":{"rendered":"","protected":false},"excerpt":{"rendered":"<p>Dekorace do ka\u017ed\u00e9ho bytu.Ka\u017ed\u00fd kus origin\u00e1l, dr\u017e\u00e1k zvonku se m\u016f\u017ee li\u0161it dle skladov\u00e9 dostupnosti.<\/p>\n","protected":false},"featured_media":81977,"comment_status":"closed","ping_status":"closed","template":"","meta":[],"product_brand":[],"product_cat":[148],"product_tag":[],"class_list":{"0":"post-73344","1":"product","2":"type-product","3":"status-publish","4":"has-post-thumbnail","6":"product_cat-sklenene-zvonky","8":"first","9":"outofstock","10":"shipping-taxable","11":"purchasable","12":"product-type-simple"},"_links":{"self":[{"href":"https:\/\/test.esluzby.net\/index.php?rest_route=\/wp\/v2\/product\/73344","targetHints":{"allow":["GET"]}}],"collection":[{"href":"https:\/\/test.esluzby.net\/index.php?rest_route=\/wp\/v2\/product"}],"about":[{"href":"https:\/\/test.esluzby.net\/index.php?rest_route=\/wp\/v2\/types\/product"}],"replies":[{"embeddable":true,"href":"https:\/\/test.esluzby.net\/index.php?rest_route=%2Fwp%2Fv2%2Fcomments&post=73344"}],"version-history":[{"count":0,"href":"https:\/\/test.esluzby.net\/index.php?rest_route=\/wp\/v2\/product\/73344\/revisions"}],"wp:featuredmedia":[{"embeddable":true,"href":"https:\/\/test.esluzby.net\/index.php?rest_route=\/wp\/v2\/media\/81977"}],"wp:attachment":[{"href":"https:\/\/test.esluzby.net\/index.php?rest_route=%2Fwp%2Fv2%2Fmedia&parent=73344"}],"wp:term":[{"taxonomy":"product_brand","embeddable":true,"href":"https:\/\/test.esluzby.net\/index.php?rest_route=%2Fwp%2Fv2%2Fproduct_brand&post=73344"},{"taxonomy":"product_cat","embeddable":true,"href":"https:\/\/test.esluzby.net\/index.php?rest_route=%2Fwp%2Fv2%2Fproduct_cat&post=73344"},{"taxonomy":"product_tag","embeddable":true,"href":"https:\/\/test.esluzby.net\/index.php?rest_route=%2Fwp%2Fv2%2Fproduct_tag&post=73344"}],"curies":[{"name":"wp","href":"https:\/\/api.w.org\/{rel}","templated":true}]}}