{"id":74714,"date":"2022-02-03T11:33:00","date_gmt":"2022-02-03T10:33:00","guid":{"rendered":"https:\/\/florianovahut.com\/?post_type=product&#038;p=74714"},"modified":"2026-02-19T10:16:23","modified_gmt":"2026-02-19T09:16:23","slug":"srdce-3-cakra","status":"publish","type":"product","link":"https:\/\/test.esluzby.net\/?product=srdce-3-cakra","title":{"rendered":"Srdce &#8211; 3.\u010dakra"},"content":{"rendered":"","protected":false},"excerpt":{"rendered":"<p>3.\u010dakra solar plex \u2013 Harmonick\u00e1 funkce: voln\u00e9 projevov\u00e1n\u00ed vlastn\u00edch pocit\u016f, radost ze \u017eivota, vnit\u0159n\u00ed harmonie, vitalita, schopnost prosadit se, realizovat.Srdce je sv\u00fdm tvarem ka\u017ed\u00e9 origin\u00e1l, jeliko\u017e je vyr\u00e1b\u011bno ru\u010dn\u011b bez pou\u017eit\u00ed formy origin\u00e1ln\u00edm rukopisem ka\u017ed\u00e9ho skl\u00e1\u0159e.K dispozici jsou i dal\u0161\u00ed \u010dakry.\u00a0V\u00fdsledky vyhled\u00e1v\u00e1n\u00ed srdce \u010dakra \u2013 Flori\u00e1nova hu\u0165<\/p>\n","protected":false},"featured_media":82000,"comment_status":"closed","ping_status":"closed","template":"","meta":[],"product_brand":[],"product_cat":[146],"product_tag":[],"class_list":{"0":"post-74714","1":"product","2":"type-product","3":"status-publish","4":"has-post-thumbnail","6":"product_cat-sklenena-tezitka-a-olejove-lampy","8":"first","9":"instock","10":"shipping-taxable","11":"purchasable","12":"product-type-simple"},"_links":{"self":[{"href":"https:\/\/test.esluzby.net\/index.php?rest_route=\/wp\/v2\/product\/74714","targetHints":{"allow":["GET"]}}],"collection":[{"href":"https:\/\/test.esluzby.net\/index.php?rest_route=\/wp\/v2\/product"}],"about":[{"href":"https:\/\/test.esluzby.net\/index.php?rest_route=\/wp\/v2\/types\/product"}],"replies":[{"embeddable":true,"href":"https:\/\/test.esluzby.net\/index.php?rest_route=%2Fwp%2Fv2%2Fcomments&post=74714"}],"version-history":[{"count":0,"href":"https:\/\/test.esluzby.net\/index.php?rest_route=\/wp\/v2\/product\/74714\/revisions"}],"wp:featuredmedia":[{"embeddable":true,"href":"https:\/\/test.esluzby.net\/index.php?rest_route=\/wp\/v2\/media\/82000"}],"wp:attachment":[{"href":"https:\/\/test.esluzby.net\/index.php?rest_route=%2Fwp%2Fv2%2Fmedia&parent=74714"}],"wp:term":[{"taxonomy":"product_brand","embeddable":true,"href":"https:\/\/test.esluzby.net\/index.php?rest_route=%2Fwp%2Fv2%2Fproduct_brand&post=74714"},{"taxonomy":"product_cat","embeddable":true,"href":"https:\/\/test.esluzby.net\/index.php?rest_route=%2Fwp%2Fv2%2Fproduct_cat&post=74714"},{"taxonomy":"product_tag","embeddable":true,"href":"https:\/\/test.esluzby.net\/index.php?rest_route=%2Fwp%2Fv2%2Fproduct_tag&post=74714"}],"curies":[{"name":"wp","href":"https:\/\/api.w.org\/{rel}","templated":true}]}}