{"id":74723,"date":"2022-02-03T11:52:26","date_gmt":"2022-02-03T10:52:26","guid":{"rendered":"https:\/\/florianovahut.com\/?post_type=product&#038;p=74723"},"modified":"2026-02-19T10:16:24","modified_gmt":"2026-02-19T09:16:24","slug":"srdce-6-cakra","status":"publish","type":"product","link":"https:\/\/test.esluzby.net\/?product=srdce-6-cakra","title":{"rendered":"Srdce &#8211; 6.\u010dakra"},"content":{"rendered":"","protected":false},"excerpt":{"rendered":"<p>6. \u010dakra t\u0159et\u00ed oko \u2013 Harmonick\u00e1 funkce: Kreativita, inteligence, rozhled, dobr\u00e1 intuice, p\u0159edstavivost a vn\u00edmavost, radost.Srdce je sv\u00fdm tvarem ka\u017ed\u00e9 origin\u00e1l, jeliko\u017e je vyr\u00e1b\u011bno ru\u010dn\u011b bez pou\u017eit\u00ed formy origin\u00e1ln\u00edm rukopisem ka\u017ed\u00e9ho skl\u00e1\u0159e.K dispozici jsou i dal\u0161\u00ed \u010dakry.\u00a0V\u00fdsledky vyhled\u00e1v\u00e1n\u00ed srdce \u010dakra \u2013 Flori\u00e1nova hu\u0165<\/p>\n","protected":false},"featured_media":82002,"comment_status":"closed","ping_status":"closed","template":"","meta":[],"product_brand":[],"product_cat":[146],"product_tag":[],"class_list":{"0":"post-74723","1":"product","2":"type-product","3":"status-publish","4":"has-post-thumbnail","6":"product_cat-sklenena-tezitka-a-olejove-lampy","8":"first","9":"instock","10":"shipping-taxable","11":"purchasable","12":"product-type-simple"},"_links":{"self":[{"href":"https:\/\/test.esluzby.net\/index.php?rest_route=\/wp\/v2\/product\/74723","targetHints":{"allow":["GET"]}}],"collection":[{"href":"https:\/\/test.esluzby.net\/index.php?rest_route=\/wp\/v2\/product"}],"about":[{"href":"https:\/\/test.esluzby.net\/index.php?rest_route=\/wp\/v2\/types\/product"}],"replies":[{"embeddable":true,"href":"https:\/\/test.esluzby.net\/index.php?rest_route=%2Fwp%2Fv2%2Fcomments&post=74723"}],"version-history":[{"count":0,"href":"https:\/\/test.esluzby.net\/index.php?rest_route=\/wp\/v2\/product\/74723\/revisions"}],"wp:featuredmedia":[{"embeddable":true,"href":"https:\/\/test.esluzby.net\/index.php?rest_route=\/wp\/v2\/media\/82002"}],"wp:attachment":[{"href":"https:\/\/test.esluzby.net\/index.php?rest_route=%2Fwp%2Fv2%2Fmedia&parent=74723"}],"wp:term":[{"taxonomy":"product_brand","embeddable":true,"href":"https:\/\/test.esluzby.net\/index.php?rest_route=%2Fwp%2Fv2%2Fproduct_brand&post=74723"},{"taxonomy":"product_cat","embeddable":true,"href":"https:\/\/test.esluzby.net\/index.php?rest_route=%2Fwp%2Fv2%2Fproduct_cat&post=74723"},{"taxonomy":"product_tag","embeddable":true,"href":"https:\/\/test.esluzby.net\/index.php?rest_route=%2Fwp%2Fv2%2Fproduct_tag&post=74723"}],"curies":[{"name":"wp","href":"https:\/\/api.w.org\/{rel}","templated":true}]}}