{"id":75072,"date":"2022-02-12T18:43:29","date_gmt":"2022-02-12T17:43:29","guid":{"rendered":"https:\/\/florianovahut.com\/?post_type=product&#038;p=75072"},"modified":"2026-02-19T10:16:26","modified_gmt":"2026-02-19T09:16:26","slug":"sklenene-tezitko-barevne-19","status":"publish","type":"product","link":"https:\/\/test.esluzby.net\/?product=sklenene-tezitko-barevne-19","title":{"rendered":"Sklen\u011bn\u00e9 t\u011b\u017e\u00edtko &#8211; barevn\u00e9"},"content":{"rendered":"","protected":false},"excerpt":{"rendered":"<p>T\u011b\u017e\u00edtko se vyr\u00e1b\u00ed od nepam\u011bti. Mnoho lid\u00ed m\u00e1 ve sv\u00fdch sb\u00edrk\u00e1ch mnoho druh\u016f, jeliko\u017e je mnoho technik, styl\u016f a dekorov\u00e1n\u00ed, kter\u00e9 se u v\u00fdroby t\u011b\u017e\u00edtek pou\u017e\u00edvaj\u00ed. A jak \u0159ekl klasik: ka\u017ed\u00fd m\u00e1 sv\u00e9 t\u011b\u017e\u00edtko!<\/p>\n","protected":false},"featured_media":82004,"comment_status":"closed","ping_status":"closed","template":"","meta":[],"product_brand":[],"product_cat":[146],"product_tag":[],"class_list":{"0":"post-75072","1":"product","2":"type-product","3":"status-publish","4":"has-post-thumbnail","6":"product_cat-sklenena-tezitka-a-olejove-lampy","8":"first","9":"instock","10":"shipping-taxable","11":"purchasable","12":"product-type-simple"},"_links":{"self":[{"href":"https:\/\/test.esluzby.net\/index.php?rest_route=\/wp\/v2\/product\/75072","targetHints":{"allow":["GET"]}}],"collection":[{"href":"https:\/\/test.esluzby.net\/index.php?rest_route=\/wp\/v2\/product"}],"about":[{"href":"https:\/\/test.esluzby.net\/index.php?rest_route=\/wp\/v2\/types\/product"}],"replies":[{"embeddable":true,"href":"https:\/\/test.esluzby.net\/index.php?rest_route=%2Fwp%2Fv2%2Fcomments&post=75072"}],"version-history":[{"count":0,"href":"https:\/\/test.esluzby.net\/index.php?rest_route=\/wp\/v2\/product\/75072\/revisions"}],"wp:featuredmedia":[{"embeddable":true,"href":"https:\/\/test.esluzby.net\/index.php?rest_route=\/wp\/v2\/media\/82004"}],"wp:attachment":[{"href":"https:\/\/test.esluzby.net\/index.php?rest_route=%2Fwp%2Fv2%2Fmedia&parent=75072"}],"wp:term":[{"taxonomy":"product_brand","embeddable":true,"href":"https:\/\/test.esluzby.net\/index.php?rest_route=%2Fwp%2Fv2%2Fproduct_brand&post=75072"},{"taxonomy":"product_cat","embeddable":true,"href":"https:\/\/test.esluzby.net\/index.php?rest_route=%2Fwp%2Fv2%2Fproduct_cat&post=75072"},{"taxonomy":"product_tag","embeddable":true,"href":"https:\/\/test.esluzby.net\/index.php?rest_route=%2Fwp%2Fv2%2Fproduct_tag&post=75072"}],"curies":[{"name":"wp","href":"https:\/\/api.w.org\/{rel}","templated":true}]}}