{"id":75084,"date":"2022-02-12T18:59:21","date_gmt":"2022-02-12T17:59:21","guid":{"rendered":"https:\/\/florianovahut.com\/?post_type=product&#038;p=75084"},"modified":"2026-02-19T10:16:27","modified_gmt":"2026-02-19T09:16:27","slug":"sklenene-tezitko-barevne-23","status":"publish","type":"product","link":"https:\/\/test.esluzby.net\/?product=sklenene-tezitko-barevne-23","title":{"rendered":"Sklen\u011bn\u00e9 t\u011b\u017e\u00edtko &#8211; barevn\u00e9 Jin a jang"},"content":{"rendered":"","protected":false},"excerpt":{"rendered":"<p>T\u011b\u017e\u00edtko je v\u00fdrobek, kter\u00fd je od nepam\u011bti obl\u00edben\u00fdm d\u00e1rkem ke v\u0161em p\u0159\u00edle\u017eitostem. A jak \u0159ekl klasik: &#8220; Ka\u017ed\u00fd m\u00e1 sv\u00e9 t\u011b\u017e\u00edtko. M\u00e1 magickou moc &#8222;. Svou barevnost\u00ed, \u017e\u00edh\u00e1n\u00edm a zamot\u00e1n\u00edm barev je ka\u017ed\u00e9 t\u011b\u017e\u00edtko origin\u00e1l.\u010derno -b\u00edl\u00e9 a m\u00edsty oran\u017eov\u00e9<\/p>\n","protected":false},"featured_media":82006,"comment_status":"closed","ping_status":"closed","template":"","meta":[],"product_brand":[],"product_cat":[146],"product_tag":[],"class_list":{"0":"post-75084","1":"product","2":"type-product","3":"status-publish","4":"has-post-thumbnail","6":"product_cat-sklenena-tezitka-a-olejove-lampy","8":"first","9":"instock","10":"shipping-taxable","11":"purchasable","12":"product-type-simple"},"_links":{"self":[{"href":"https:\/\/test.esluzby.net\/index.php?rest_route=\/wp\/v2\/product\/75084","targetHints":{"allow":["GET"]}}],"collection":[{"href":"https:\/\/test.esluzby.net\/index.php?rest_route=\/wp\/v2\/product"}],"about":[{"href":"https:\/\/test.esluzby.net\/index.php?rest_route=\/wp\/v2\/types\/product"}],"replies":[{"embeddable":true,"href":"https:\/\/test.esluzby.net\/index.php?rest_route=%2Fwp%2Fv2%2Fcomments&post=75084"}],"version-history":[{"count":0,"href":"https:\/\/test.esluzby.net\/index.php?rest_route=\/wp\/v2\/product\/75084\/revisions"}],"wp:featuredmedia":[{"embeddable":true,"href":"https:\/\/test.esluzby.net\/index.php?rest_route=\/wp\/v2\/media\/82006"}],"wp:attachment":[{"href":"https:\/\/test.esluzby.net\/index.php?rest_route=%2Fwp%2Fv2%2Fmedia&parent=75084"}],"wp:term":[{"taxonomy":"product_brand","embeddable":true,"href":"https:\/\/test.esluzby.net\/index.php?rest_route=%2Fwp%2Fv2%2Fproduct_brand&post=75084"},{"taxonomy":"product_cat","embeddable":true,"href":"https:\/\/test.esluzby.net\/index.php?rest_route=%2Fwp%2Fv2%2Fproduct_cat&post=75084"},{"taxonomy":"product_tag","embeddable":true,"href":"https:\/\/test.esluzby.net\/index.php?rest_route=%2Fwp%2Fv2%2Fproduct_tag&post=75084"}],"curies":[{"name":"wp","href":"https:\/\/api.w.org\/{rel}","templated":true}]}}