{"id":76900,"date":"2022-05-27T12:41:21","date_gmt":"2022-05-27T10:41:21","guid":{"rendered":"https:\/\/florianovahut.com\/?post_type=product&#038;p=76900"},"modified":"2026-02-19T10:16:37","modified_gmt":"2026-02-19T09:16:37","slug":"petrolejova-lampa-l0020-22","status":"publish","type":"product","link":"https:\/\/test.esluzby.net\/?product=petrolejova-lampa-l0020-22","title":{"rendered":"Petrolejov\u00e1 lampa Tereza"},"content":{"rendered":"","protected":false},"excerpt":{"rendered":"<p>Petrolejov\u00e1 lampa je zdrojem sv\u011btla ji\u017e od d\u00e1vn\u00fdch \u010das\u016f. V sou\u010dasnosti je ur\u010dena pro romantick\u00e9 okam\u017eiky a chvilky odpo\u010dinku,relaxace. Lampy pln\u00edme petrolejem nebo lampov\u00fdm olejem. P\u0159i nalit\u00ed n\u00e1dr\u017eky neboli baz\u00e9nky je nutno cca 2-3 hodiny vy\u010dkat, aby se knot mohl dostate\u010dn\u011b nas\u00e1knout.<\/p>\n","protected":false},"featured_media":82027,"comment_status":"closed","ping_status":"closed","template":"","meta":[],"product_brand":[],"product_cat":[129],"product_tag":[],"class_list":{"0":"post-76900","1":"product","2":"type-product","3":"status-publish","4":"has-post-thumbnail","6":"product_cat-sklenene-petrolejove-lampy","8":"first","9":"outofstock","10":"shipping-taxable","11":"purchasable","12":"product-type-simple"},"_links":{"self":[{"href":"https:\/\/test.esluzby.net\/index.php?rest_route=\/wp\/v2\/product\/76900","targetHints":{"allow":["GET"]}}],"collection":[{"href":"https:\/\/test.esluzby.net\/index.php?rest_route=\/wp\/v2\/product"}],"about":[{"href":"https:\/\/test.esluzby.net\/index.php?rest_route=\/wp\/v2\/types\/product"}],"replies":[{"embeddable":true,"href":"https:\/\/test.esluzby.net\/index.php?rest_route=%2Fwp%2Fv2%2Fcomments&post=76900"}],"version-history":[{"count":0,"href":"https:\/\/test.esluzby.net\/index.php?rest_route=\/wp\/v2\/product\/76900\/revisions"}],"wp:featuredmedia":[{"embeddable":true,"href":"https:\/\/test.esluzby.net\/index.php?rest_route=\/wp\/v2\/media\/82027"}],"wp:attachment":[{"href":"https:\/\/test.esluzby.net\/index.php?rest_route=%2Fwp%2Fv2%2Fmedia&parent=76900"}],"wp:term":[{"taxonomy":"product_brand","embeddable":true,"href":"https:\/\/test.esluzby.net\/index.php?rest_route=%2Fwp%2Fv2%2Fproduct_brand&post=76900"},{"taxonomy":"product_cat","embeddable":true,"href":"https:\/\/test.esluzby.net\/index.php?rest_route=%2Fwp%2Fv2%2Fproduct_cat&post=76900"},{"taxonomy":"product_tag","embeddable":true,"href":"https:\/\/test.esluzby.net\/index.php?rest_route=%2Fwp%2Fv2%2Fproduct_tag&post=76900"}],"curies":[{"name":"wp","href":"https:\/\/api.w.org\/{rel}","templated":true}]}}