{"id":77512,"date":"2022-06-22T22:02:47","date_gmt":"2022-06-22T20:02:47","guid":{"rendered":"https:\/\/florianovahut.com\/?post_type=product&#038;p=77512"},"modified":"2026-02-19T10:16:53","modified_gmt":"2026-02-19T09:16:53","slug":"vaza-moonlight-rock","status":"publish","type":"product","link":"https:\/\/test.esluzby.net\/?product=vaza-moonlight-rock","title":{"rendered":"V\u00e1za Moonlight Rock"},"content":{"rendered":"","protected":false},"excerpt":{"rendered":"<p>V\u00e1za z limitovan\u00e9 edice osmi v\u00e1z, kde od ka\u017ed\u00e9 je vyroben pouze jeden kus. Nem\u016f\u017ee se st\u00e1t, \u017ee by m\u011bl n\u011bkdo stejnou v\u00e1zu jako vy. O design a v\u00fdrobu t\u00e9to v\u00e1zy se postarali Petr a Luk\u00e1\u0161 \u010cerven\u00fd. Majitel skl\u00e1rny a jeho syn, tvo\u0159\u00ed jedine\u010dn\u00fd t\u00fdm, kdy jim pod rukami vznikaj\u00ed naprosto unik\u00e1tn\u00ed a designov\u00e9 v\u00fdtvory. Dekor m\u011bs\u00ed\u010dn\u00edho kamene t\u00e9to v\u00e1zy si zamiluje ka\u017ed\u00fd.<\/p>\n","protected":false},"featured_media":82060,"comment_status":"closed","ping_status":"closed","template":"","meta":[],"product_brand":[],"product_cat":[121,150,141],"product_tag":[],"class_list":{"0":"post-77512","1":"product","2":"type-product","3":"status-publish","4":"has-post-thumbnail","6":"product_cat-darky-pro-zeny","7":"product_cat-premiove-sklenene-vazy","8":"product_cat-svatebni-darky","10":"first","11":"outofstock","12":"shipping-taxable","13":"purchasable","14":"product-type-simple"},"_links":{"self":[{"href":"https:\/\/test.esluzby.net\/index.php?rest_route=\/wp\/v2\/product\/77512","targetHints":{"allow":["GET"]}}],"collection":[{"href":"https:\/\/test.esluzby.net\/index.php?rest_route=\/wp\/v2\/product"}],"about":[{"href":"https:\/\/test.esluzby.net\/index.php?rest_route=\/wp\/v2\/types\/product"}],"replies":[{"embeddable":true,"href":"https:\/\/test.esluzby.net\/index.php?rest_route=%2Fwp%2Fv2%2Fcomments&post=77512"}],"version-history":[{"count":0,"href":"https:\/\/test.esluzby.net\/index.php?rest_route=\/wp\/v2\/product\/77512\/revisions"}],"wp:featuredmedia":[{"embeddable":true,"href":"https:\/\/test.esluzby.net\/index.php?rest_route=\/wp\/v2\/media\/82060"}],"wp:attachment":[{"href":"https:\/\/test.esluzby.net\/index.php?rest_route=%2Fwp%2Fv2%2Fmedia&parent=77512"}],"wp:term":[{"taxonomy":"product_brand","embeddable":true,"href":"https:\/\/test.esluzby.net\/index.php?rest_route=%2Fwp%2Fv2%2Fproduct_brand&post=77512"},{"taxonomy":"product_cat","embeddable":true,"href":"https:\/\/test.esluzby.net\/index.php?rest_route=%2Fwp%2Fv2%2Fproduct_cat&post=77512"},{"taxonomy":"product_tag","embeddable":true,"href":"https:\/\/test.esluzby.net\/index.php?rest_route=%2Fwp%2Fv2%2Fproduct_tag&post=77512"}],"curies":[{"name":"wp","href":"https:\/\/api.w.org\/{rel}","templated":true}]}}