{"id":77587,"date":"2022-06-25T15:20:55","date_gmt":"2022-06-25T13:20:55","guid":{"rendered":"https:\/\/test.esluzby.net\/?post_type=product&#038;p=77587"},"modified":"2026-02-19T10:16:54","modified_gmt":"2026-02-19T09:16:54","slug":"vaza-small-blueberry-queen","status":"publish","type":"product","link":"https:\/\/test.esluzby.net\/?product=vaza-small-blueberry-queen","title":{"rendered":"V\u00e1za Small Blueberry Queen"},"content":{"rendered":"","protected":false},"excerpt":{"rendered":"<p>Tato v\u00e1za byla vyrobena dle model\u016f v\u00e1z, kter\u00e9 najdeme v historii \u010desk\u00e9ho skl\u00e1\u0159stv\u00ed. Tento typ v\u00e1zy je velmi obl\u00edben\u00fd, jeliko\u017e v\u00e1zy jsou brou\u0161eny do hran a ka\u017ed\u00e1 v\u00e1za se v\u00edce \u010di m\u00e9n\u011b li\u0161\u00ed, ka\u017ed\u00fd majitel proto v\u00ed, \u017ee vlastn\u00ed origin\u00e1ln\u00ed kousek, kter\u00fd bude chloubou va\u0161\u00ed dom\u00e1cnosti.<\/p>\n","protected":false},"featured_media":82066,"comment_status":"closed","ping_status":"closed","template":"","meta":[],"product_brand":[],"product_cat":[121,150,133,141,111],"product_tag":[],"class_list":{"0":"post-77587","1":"product","2":"type-product","3":"status-publish","4":"has-post-thumbnail","6":"product_cat-darky-pro-zeny","7":"product_cat-premiove-sklenene-vazy","8":"product_cat-premiove-sklo","9":"product_cat-svatebni-darky","10":"product_cat-tipy-na-darky","12":"first","13":"outofstock","14":"shipping-taxable","15":"purchasable","16":"product-type-simple"},"_links":{"self":[{"href":"https:\/\/test.esluzby.net\/index.php?rest_route=\/wp\/v2\/product\/77587","targetHints":{"allow":["GET"]}}],"collection":[{"href":"https:\/\/test.esluzby.net\/index.php?rest_route=\/wp\/v2\/product"}],"about":[{"href":"https:\/\/test.esluzby.net\/index.php?rest_route=\/wp\/v2\/types\/product"}],"replies":[{"embeddable":true,"href":"https:\/\/test.esluzby.net\/index.php?rest_route=%2Fwp%2Fv2%2Fcomments&post=77587"}],"version-history":[{"count":0,"href":"https:\/\/test.esluzby.net\/index.php?rest_route=\/wp\/v2\/product\/77587\/revisions"}],"wp:featuredmedia":[{"embeddable":true,"href":"https:\/\/test.esluzby.net\/index.php?rest_route=\/wp\/v2\/media\/82066"}],"wp:attachment":[{"href":"https:\/\/test.esluzby.net\/index.php?rest_route=%2Fwp%2Fv2%2Fmedia&parent=77587"}],"wp:term":[{"taxonomy":"product_brand","embeddable":true,"href":"https:\/\/test.esluzby.net\/index.php?rest_route=%2Fwp%2Fv2%2Fproduct_brand&post=77587"},{"taxonomy":"product_cat","embeddable":true,"href":"https:\/\/test.esluzby.net\/index.php?rest_route=%2Fwp%2Fv2%2Fproduct_cat&post=77587"},{"taxonomy":"product_tag","embeddable":true,"href":"https:\/\/test.esluzby.net\/index.php?rest_route=%2Fwp%2Fv2%2Fproduct_tag&post=77587"}],"curies":[{"name":"wp","href":"https:\/\/api.w.org\/{rel}","templated":true}]}}