{"id":78763,"date":"2022-07-13T22:33:08","date_gmt":"2022-07-13T20:33:08","guid":{"rendered":"https:\/\/florianovahut.com\/?post_type=product&#038;p=78763"},"modified":"2026-02-19T10:17:35","modified_gmt":"2026-02-19T09:17:35","slug":"dzban-ananas-beryl-vysoky","status":"publish","type":"product","link":"https:\/\/test.esluzby.net\/?product=dzban-ananas-beryl-vysoky","title":{"rendered":"D\u017eb\u00e1n 1,2l &#8211; Hobnail &#8211; Ananas &#8211; beryl"},"content":{"rendered":"<p>Kolekce Hobnail \u2013 d\u0159\u00edve v \u010cech\u00e1ch zn\u00e1m\u00e1 jako Ananas \u2013 je v\u00fdjime\u010dn\u00e1 nejen sv\u00fdm osobit\u00fdm vzhledem, ale i bohatou histori\u00ed. Tento dekor se vyr\u00e1b\u011bl ji\u017e kolem roku 1880 ve skl\u00e1rn\u00e1ch na Teplicku a Novoborsku. V posledn\u00edch letech se stal op\u011bt \u017e\u00e1dan\u00fdm po cel\u00e9m sv\u011bt\u011b.<\/p>\n<p>D\u00edky jedine\u010dn\u00e9 technice optiky dok\u00e1\u017ee Hobnail \u2013 Ananas nejen zaujmout sv\u00fdm vzhledem, ale tak\u00e9 udr\u017eet n\u00e1poje v letn\u00edch dnech d\u00e9le chladn\u00e9. Ct\u00edme historii, z\u00e1rove\u0148 se sna\u017e\u00edme o roz\u0161\u00ed\u0159en\u00ed sortimentu s pou\u017eit\u00edm tohoto dekoru. V dochovan\u00fdch archivech jsou v tomto dekoru zmi\u0148ovan\u00e9 pouze d\u017eb\u00e1ny.<\/p>\n<p>D\u017eb\u00e1n z kolekce Hobnail je stylov\u00fd dopln\u011bk pro V\u00e1\u0161 domov. Vych\u00e1z\u00edme z tradi\u010dn\u00edho postupu ru\u010dn\u00ed v\u00fdroby. D\u00edky sv\u00e9mu nad\u010dasov\u00e9mu vzhledu p\u016fsob\u00ed jako \u0161perk na ka\u017ed\u00e9m stole.<\/p>\n<p>V letn\u00edch dnech je ide\u00e1ln\u00ed na dom\u00e1c\u00ed limon\u00e1du s pl\u00e1tky citronu nebo t\u0159eba osv\u011b\u017euj\u00edc\u00ed pivo. Sv\u00e9 uplatn\u011bn\u00ed si ur\u010dit\u011b najde i v zim\u011b, nen\u00ed ov\u0161em ur\u010den\u00fd pro hork\u00e9 n\u00e1poje.<\/p>\n<p>S ru\u010dn\u011b foukan\u00fdmi sklenicemi a p\u016fllitry ze sady Hobnail tvo\u0159\u00ed harmonickou sadu \u2013 ide\u00e1ln\u00ed pro serv\u00edrov\u00e1n\u00ed n\u00e1poj\u016f p\u0159i slavnostn\u00ed ve\u010de\u0159i, zahradn\u00ed oslav\u011b nebo jen tak pro radost.<\/p>\n","protected":false},"excerpt":{"rendered":"<p>V kolekci Hobnail u n\u00e1s najdete tak\u00e9 nejr\u016fzn\u011bj\u0161\u00ed sklenice, v\u00e1zy \u010di m\u00edsy, kter\u00e9 se v historii t\u00e9m\u011b\u0159 nevyr\u00e1b\u011bly.<\/p>\n","protected":false},"featured_media":82143,"comment_status":"closed","ping_status":"closed","template":"","meta":[],"product_brand":[],"product_cat":[142,119],"product_tag":[],"class_list":{"0":"post-78763","1":"product","2":"type-product","3":"status-publish","4":"has-post-thumbnail","6":"product_cat-hobnail-ananas","7":"product_cat-sklenene-dzbany","9":"first","10":"instock","11":"shipping-taxable","12":"purchasable","13":"product-type-simple"},"_links":{"self":[{"href":"https:\/\/test.esluzby.net\/index.php?rest_route=\/wp\/v2\/product\/78763","targetHints":{"allow":["GET"]}}],"collection":[{"href":"https:\/\/test.esluzby.net\/index.php?rest_route=\/wp\/v2\/product"}],"about":[{"href":"https:\/\/test.esluzby.net\/index.php?rest_route=\/wp\/v2\/types\/product"}],"replies":[{"embeddable":true,"href":"https:\/\/test.esluzby.net\/index.php?rest_route=%2Fwp%2Fv2%2Fcomments&post=78763"}],"version-history":[{"count":0,"href":"https:\/\/test.esluzby.net\/index.php?rest_route=\/wp\/v2\/product\/78763\/revisions"}],"wp:featuredmedia":[{"embeddable":true,"href":"https:\/\/test.esluzby.net\/index.php?rest_route=\/wp\/v2\/media\/82143"}],"wp:attachment":[{"href":"https:\/\/test.esluzby.net\/index.php?rest_route=%2Fwp%2Fv2%2Fmedia&parent=78763"}],"wp:term":[{"taxonomy":"product_brand","embeddable":true,"href":"https:\/\/test.esluzby.net\/index.php?rest_route=%2Fwp%2Fv2%2Fproduct_brand&post=78763"},{"taxonomy":"product_cat","embeddable":true,"href":"https:\/\/test.esluzby.net\/index.php?rest_route=%2Fwp%2Fv2%2Fproduct_cat&post=78763"},{"taxonomy":"product_tag","embeddable":true,"href":"https:\/\/test.esluzby.net\/index.php?rest_route=%2Fwp%2Fv2%2Fproduct_tag&post=78763"}],"curies":[{"name":"wp","href":"https:\/\/api.w.org\/{rel}","templated":true}]}}