{"id":79023,"date":"2022-07-16T12:59:34","date_gmt":"2022-07-16T10:59:34","guid":{"rendered":"https:\/\/florianovahut.com\/?post_type=product&#038;p=79023"},"modified":"2026-02-19T10:17:53","modified_gmt":"2026-02-19T09:17:53","slug":"tretinka-karo-beryl","status":"publish","type":"product","link":"https:\/\/test.esluzby.net\/?product=tretinka-karo-beryl","title":{"rendered":"T\u0159etinka 0,3l &#8211; K\u00e1ro &#8211; beryl"},"content":{"rendered":"<p align=\"left\">Kolekce K\u00e1ro \u2013 vynik\u00e1 nejen sv\u00fdm jedine\u010dn\u00fdm vzhledem, ale i bohatou histori\u00ed. Pro jej\u00ed v\u00fdrobu se vyu\u017e\u00edvaj\u00ed optick\u00e9 formy, kter\u00e9 sahaj\u00ed a\u017e k samotn\u00fdm po\u010d\u00e1tk\u016fm skl\u00e1\u0159stv\u00ed v \u010desk\u00fdch zem\u00edch. Tyto techniky se v pr\u016fb\u011bhu stalet\u00ed neust\u00e1le zdokonalovaly a p\u0159izp\u016fsobovaly st\u00e1le n\u00e1ro\u010dn\u011bj\u0161\u00edm dekor\u016fm.<\/p>\n<p>Jedn\u00edm z tradi\u010dn\u00edch vzor\u016f, kter\u00fd se zachoval a\u017e dodnes, je pr\u00e1v\u011b dekor K\u00e1ro. Jeho nad\u010dasov\u00fd geometrick\u00fd motiv dod\u00e1v\u00e1 ka\u017ed\u00e9mu kousku noblesu.<\/p>\n<p>Pokud hled\u00e1te sklo, kter\u00e9 zaujme originalitou, \u010dist\u00fdm designem a efektn\u00edm zpracov\u00e1n\u00edm, kolekce K\u00e1ro\u00a0je skv\u011blou volbou. Nab\u00edz\u00ed spojen\u00ed elegance, \u0159emesln\u00e9 kvality a vizu\u00e1ln\u00edho z\u00e1\u017eitku, kter\u00e9 podtrhne styl ka\u017ed\u00e9 dom\u00e1cnosti.<\/p>\n","protected":false},"excerpt":{"rendered":"<p>V kolekci K\u00e1ro u n\u00e1s najdete tak\u00e9 d\u017eb\u00e1ny a nejr\u016fzn\u011bj\u0161\u00ed sklenice, m\u00edsy, v\u00e1zy \u010di petrolejov\u00e9 lampy. A\u0165 u\u017e hled\u00e1te v\u00fdjime\u010dnou dekoraci do sv\u00e9ho \u00fatuln\u00e9ho domova nebo origin\u00e1ln\u00ed d\u00e1rek pro sv\u00e9 bl\u00edzk\u00e9,\u00a0kolekce K\u00e1ro je volbou, kter\u00e1 nikdy nezklame.<\/p>\n","protected":false},"featured_media":82179,"comment_status":"closed","ping_status":"closed","template":"","meta":[],"product_brand":[],"product_cat":[121,143,138],"product_tag":[],"class_list":{"0":"post-79023","1":"product","2":"type-product","3":"status-publish","4":"has-post-thumbnail","6":"product_cat-darky-pro-zeny","7":"product_cat-karo","8":"product_cat-skleneny-pullitr","10":"first","11":"instock","12":"shipping-taxable","13":"purchasable","14":"product-type-simple"},"_links":{"self":[{"href":"https:\/\/test.esluzby.net\/index.php?rest_route=\/wp\/v2\/product\/79023","targetHints":{"allow":["GET"]}}],"collection":[{"href":"https:\/\/test.esluzby.net\/index.php?rest_route=\/wp\/v2\/product"}],"about":[{"href":"https:\/\/test.esluzby.net\/index.php?rest_route=\/wp\/v2\/types\/product"}],"replies":[{"embeddable":true,"href":"https:\/\/test.esluzby.net\/index.php?rest_route=%2Fwp%2Fv2%2Fcomments&post=79023"}],"version-history":[{"count":0,"href":"https:\/\/test.esluzby.net\/index.php?rest_route=\/wp\/v2\/product\/79023\/revisions"}],"wp:featuredmedia":[{"embeddable":true,"href":"https:\/\/test.esluzby.net\/index.php?rest_route=\/wp\/v2\/media\/82179"}],"wp:attachment":[{"href":"https:\/\/test.esluzby.net\/index.php?rest_route=%2Fwp%2Fv2%2Fmedia&parent=79023"}],"wp:term":[{"taxonomy":"product_brand","embeddable":true,"href":"https:\/\/test.esluzby.net\/index.php?rest_route=%2Fwp%2Fv2%2Fproduct_brand&post=79023"},{"taxonomy":"product_cat","embeddable":true,"href":"https:\/\/test.esluzby.net\/index.php?rest_route=%2Fwp%2Fv2%2Fproduct_cat&post=79023"},{"taxonomy":"product_tag","embeddable":true,"href":"https:\/\/test.esluzby.net\/index.php?rest_route=%2Fwp%2Fv2%2Fproduct_tag&post=79023"}],"curies":[{"name":"wp","href":"https:\/\/api.w.org\/{rel}","templated":true}]}}