{"id":79077,"date":"2022-07-16T13:40:48","date_gmt":"2022-07-16T11:40:48","guid":{"rendered":"https:\/\/florianovahut.com\/?post_type=product&#038;p=79077"},"modified":"2026-02-19T10:17:58","modified_gmt":"2026-02-19T09:17:58","slug":"misa-karo-alexandrit","status":"publish","type":"product","link":"https:\/\/test.esluzby.net\/?product=misa-karo-alexandrit","title":{"rendered":"M\u00edsa 10cm &#8211; K\u00e1ro &#8211; alexandrit"},"content":{"rendered":"<p>Kolekce K\u00e1ro \u2013 vynik\u00e1 nejen sv\u00fdm jedine\u010dn\u00fdm vzhledem, ale i bohatou histori\u00ed. Pro jej\u00ed v\u00fdrobu se vyu\u017e\u00edvaj\u00ed optick\u00e9 formy, kter\u00e9 sahaj\u00ed a\u017e k samotn\u00fdm po\u010d\u00e1tk\u016fm skl\u00e1\u0159stv\u00ed v \u010desk\u00fdch zem\u00edch.<br \/>\nTyto techniky se v pr\u016fb\u011bhu stalet\u00ed neust\u00e1le zdokonalovaly a p\u0159izp\u016fsobovaly st\u00e1le n\u00e1ro\u010dn\u011bj\u0161\u00edm dekor\u016fm.\u00a0Jedn\u00edm z tradi\u010dn\u00edch vzor\u016f, kter\u00fd se zachoval a\u017e dodnes, je pr\u00e1v\u011b dekor\u00a0K\u00e1ro.\u00a0Jeho nad\u010dasov\u00fd geometrick\u00fd motiv dod\u00e1v\u00e1 ka\u017ed\u00e9mu kousku noblesu.<\/p>\n<p>Elegantn\u00ed m\u00edsa z kolekce K\u00e1ro v sob\u011b spojuje tradi\u010dn\u00ed \u0159emeslo, poctivou ru\u010dn\u00ed pr\u00e1ci na\u0161ich skl\u00e1\u0159\u016f a modern\u00ed styl. Skv\u011ble se hod\u00ed jako ozdoba va\u0161eho j\u00eddeln\u00edho stolu.<\/p>\n<p>M\u00edsa z kolekce K\u00e1ro se hod\u00ed pro serv\u00edrov\u00e1n\u00ed ob\u010derstven\u00ed, sal\u00e1t\u016f nebo drobn\u00fdch pochoutek p\u0159i ka\u017edodenn\u00edm stolov\u00e1n\u00ed nebo slavnostn\u00ed p\u0159\u00edle\u017eitosti.<\/p>\n","protected":false},"excerpt":{"rendered":"<p>V kolekci K\u00e1ro u n\u00e1s najdete tak\u00e9 nejr\u016fzn\u011bj\u0161\u00ed sklenice, d\u017eb\u00e1ny, v\u00e1zy \u010di petrolejov\u00e9 lampy. A\u0165 u\u017e hled\u00e1te v\u00fdjime\u010dnou dekoraci do sv\u00e9ho \u00fatuln\u00e9ho domova nebo origin\u00e1ln\u00ed d\u00e1rek pro sv\u00e9 bl\u00edzk\u00e9, kolekce K\u00e1ro je volbou, kter\u00e1 nikdy nezklame.<\/p>\n","protected":false},"featured_media":82187,"comment_status":"closed","ping_status":"closed","template":"","meta":[],"product_brand":[],"product_cat":[121,143,124],"product_tag":[],"class_list":{"0":"post-79077","1":"product","2":"type-product","3":"status-publish","4":"has-post-thumbnail","6":"product_cat-darky-pro-zeny","7":"product_cat-karo","8":"product_cat-sklenene-misy","10":"first","11":"outofstock","12":"shipping-taxable","13":"purchasable","14":"product-type-simple"},"_links":{"self":[{"href":"https:\/\/test.esluzby.net\/index.php?rest_route=\/wp\/v2\/product\/79077","targetHints":{"allow":["GET"]}}],"collection":[{"href":"https:\/\/test.esluzby.net\/index.php?rest_route=\/wp\/v2\/product"}],"about":[{"href":"https:\/\/test.esluzby.net\/index.php?rest_route=\/wp\/v2\/types\/product"}],"replies":[{"embeddable":true,"href":"https:\/\/test.esluzby.net\/index.php?rest_route=%2Fwp%2Fv2%2Fcomments&post=79077"}],"version-history":[{"count":0,"href":"https:\/\/test.esluzby.net\/index.php?rest_route=\/wp\/v2\/product\/79077\/revisions"}],"wp:featuredmedia":[{"embeddable":true,"href":"https:\/\/test.esluzby.net\/index.php?rest_route=\/wp\/v2\/media\/82187"}],"wp:attachment":[{"href":"https:\/\/test.esluzby.net\/index.php?rest_route=%2Fwp%2Fv2%2Fmedia&parent=79077"}],"wp:term":[{"taxonomy":"product_brand","embeddable":true,"href":"https:\/\/test.esluzby.net\/index.php?rest_route=%2Fwp%2Fv2%2Fproduct_brand&post=79077"},{"taxonomy":"product_cat","embeddable":true,"href":"https:\/\/test.esluzby.net\/index.php?rest_route=%2Fwp%2Fv2%2Fproduct_cat&post=79077"},{"taxonomy":"product_tag","embeddable":true,"href":"https:\/\/test.esluzby.net\/index.php?rest_route=%2Fwp%2Fv2%2Fproduct_tag&post=79077"}],"curies":[{"name":"wp","href":"https:\/\/api.w.org\/{rel}","templated":true}]}}