{"id":79432,"date":"2022-07-26T13:11:18","date_gmt":"2022-07-26T11:11:18","guid":{"rendered":"https:\/\/florianovahut.com\/?post_type=product&#038;p=79432"},"modified":"2026-02-19T10:18:09","modified_gmt":"2026-02-19T09:18:09","slug":"skleneny-dzban-5070-2000-03","status":"publish","type":"product","link":"https:\/\/test.esluzby.net\/?product=skleneny-dzban-5070-2000-03","title":{"rendered":"D\u017eb\u00e1n 2l &#8211; Karo &#8211; lesn\u00ed zelen\u00e1"},"content":{"rendered":"<p align=\"left\">Kolekce K\u00e1ro \u2013 vynik\u00e1 nejen sv\u00fdm jedine\u010dn\u00fdm vzhledem, ale i bohatou histori\u00ed. Pro jej\u00ed v\u00fdrobu se vyu\u017e\u00edvaj\u00ed optick\u00e9 formy, kter\u00e9 sahaj\u00ed a\u017e k samotn\u00fdm po\u010d\u00e1tk\u016fm skl\u00e1\u0159stv\u00ed v \u010desk\u00fdch zem\u00edch. Tyto techniky se v pr\u016fb\u011bhu stalet\u00ed neust\u00e1le zdokonalovaly a p\u0159izp\u016fsobovaly st\u00e1le n\u00e1ro\u010dn\u011bj\u0161\u00edm dekor\u016fm.<\/p>\n<p>Jedn\u00edm z tradi\u010dn\u00edch vzor\u016f, kter\u00fd se zachoval a\u017e dodnes, je pr\u00e1v\u011b dekor K\u00e1ro. Jeho nad\u010dasov\u00fd geometrick\u00fd motiv dod\u00e1v\u00e1 ka\u017ed\u00e9mu kousku noblesu.<\/p>\n<p>V letn\u00edch dnech je d\u017eb\u00e1n ide\u00e1ln\u00ed na dom\u00e1c\u00ed limon\u00e1du s pl\u00e1tky citronu nebo t\u0159eba osv\u011b\u017euj\u00edc\u00ed pivo. Sv\u00e9 uplatn\u011bn\u00ed si ur\u010dit\u011b najde i v zim\u011b, nen\u00ed ov\u0161em ur\u010den\u00fd pro hork\u00e9 n\u00e1poje.<br \/>\nS ru\u010dn\u011b foukan\u00fdmi sklenicemi a p\u016fllitry z kolekce K\u00e1ro tvo\u0159\u00ed harmonickou sadu \u2013 ide\u00e1ln\u00ed pro serv\u00edrov\u00e1n\u00ed n\u00e1poj\u016f p\u0159i slavnostn\u00ed ve\u010de\u0159i, zahradn\u00ed oslav\u011b,\u00a0na tematick\u00fd ve\u010d\u00edrek\u00a0nebo jen tak pro radost.<\/p>\n<p>Pokud hled\u00e1te sklo, kter\u00e9 zaujme originalitou, \u010dist\u00fdm designem a efektn\u00edm zpracov\u00e1n\u00edm, kolekce K\u00e1ro\u00a0je skv\u011blou volbou. Nab\u00edz\u00ed spojen\u00ed elegance, \u0159emesln\u00e9 kvality a vizu\u00e1ln\u00edho z\u00e1\u017eitku, kter\u00e9 podtrhne styl ka\u017ed\u00e9 dom\u00e1cnosti.<\/p>\n","protected":false},"excerpt":{"rendered":"<p>V kolekci K\u00e1ro u n\u00e1s najdete tak\u00e9 nejr\u016fzn\u011bj\u0161\u00ed sklenice, m\u00edsy, v\u00e1zy \u010di petrolejov\u00e9 lampy. A\u0165 u\u017e hled\u00e1te v\u00fdjime\u010dnou dekoraci do sv\u00e9ho \u00fatuln\u00e9ho domova nebo origin\u00e1ln\u00ed d\u00e1rek pro sv\u00e9 bl\u00edzk\u00e9, kolekce K\u00e1ro je volbou, kter\u00e1 nikdy nezklame.<\/p>\n","protected":false},"featured_media":82212,"comment_status":"closed","ping_status":"closed","template":"","meta":[],"product_brand":[],"product_cat":[119],"product_tag":[],"class_list":{"0":"post-79432","1":"product","2":"type-product","3":"status-publish","4":"has-post-thumbnail","6":"product_cat-sklenene-dzbany","8":"first","9":"outofstock","10":"shipping-taxable","11":"purchasable","12":"product-type-simple"},"_links":{"self":[{"href":"https:\/\/test.esluzby.net\/index.php?rest_route=\/wp\/v2\/product\/79432","targetHints":{"allow":["GET"]}}],"collection":[{"href":"https:\/\/test.esluzby.net\/index.php?rest_route=\/wp\/v2\/product"}],"about":[{"href":"https:\/\/test.esluzby.net\/index.php?rest_route=\/wp\/v2\/types\/product"}],"replies":[{"embeddable":true,"href":"https:\/\/test.esluzby.net\/index.php?rest_route=%2Fwp%2Fv2%2Fcomments&post=79432"}],"version-history":[{"count":0,"href":"https:\/\/test.esluzby.net\/index.php?rest_route=\/wp\/v2\/product\/79432\/revisions"}],"wp:featuredmedia":[{"embeddable":true,"href":"https:\/\/test.esluzby.net\/index.php?rest_route=\/wp\/v2\/media\/82212"}],"wp:attachment":[{"href":"https:\/\/test.esluzby.net\/index.php?rest_route=%2Fwp%2Fv2%2Fmedia&parent=79432"}],"wp:term":[{"taxonomy":"product_brand","embeddable":true,"href":"https:\/\/test.esluzby.net\/index.php?rest_route=%2Fwp%2Fv2%2Fproduct_brand&post=79432"},{"taxonomy":"product_cat","embeddable":true,"href":"https:\/\/test.esluzby.net\/index.php?rest_route=%2Fwp%2Fv2%2Fproduct_cat&post=79432"},{"taxonomy":"product_tag","embeddable":true,"href":"https:\/\/test.esluzby.net\/index.php?rest_route=%2Fwp%2Fv2%2Fproduct_tag&post=79432"}],"curies":[{"name":"wp","href":"https:\/\/api.w.org\/{rel}","templated":true}]}}