{"id":79903,"date":"2022-07-29T22:57:26","date_gmt":"2022-07-29T20:57:26","guid":{"rendered":"https:\/\/florianovahut.com\/?post_type=product&#038;p=79903"},"modified":"2026-02-19T10:18:35","modified_gmt":"2026-02-19T09:18:35","slug":"sklenice-na-vino-karo-modra","status":"publish","type":"product","link":"https:\/\/test.esluzby.net\/?product=sklenice-na-vino-karo-modra","title":{"rendered":"Sklenice 0,2l &#8211; K\u00e1ro &#8211; modr\u00e1"},"content":{"rendered":"","protected":false},"excerpt":{"rendered":"<p>Kolekce K\u00e1ro \u2013 vynik\u00e1 nejen sv\u00fdm jedine\u010dn\u00fdm vzhledem, ale i bohatou histori\u00ed. Pro jej\u00ed v\u00fdrobu se vyu\u017e\u00edvaj\u00ed optick\u00e9 formy, kter\u00e9 sahaj\u00ed a\u017e k samotn\u00fdm po\u010d\u00e1tk\u016fm skl\u00e1\u0159stv\u00ed v \u010desk\u00fdch zem\u00edch. Tyto techniky se v pr\u016fb\u011bhu stalet\u00ed neust\u00e1le zdokonalovaly a p\u0159izp\u016fsobovaly st\u00e1le n\u00e1ro\u010dn\u011bj\u0161\u00edm dekor\u016fm.Jedn\u00edm z tradi\u010dn\u00edch vzor\u016f, kter\u00fd se zachoval a\u017e dodnes, je pr\u00e1v\u011b dekor\u00a0K\u00e1ro.\u00a0Jeho nad\u010dasov\u00fd geometrick\u00fd motiv dod\u00e1v\u00e1 ka\u017ed\u00e9mu kousku noblesu.A\u0165 u\u017e hled\u00e1te v\u00fdjime\u010dnou dekoraci do sv\u00e9ho \u00fatuln\u00e9ho domova, nebo origin\u00e1ln\u00ed d\u00e1rek pro sv\u00e9 bl\u00edzk\u00e9, s kolekc\u00ed\u00a0K\u00e1ro\u00a0rozhodn\u011b ne\u0161l\u00e1pnete vedle.Sklenice je vhodn\u00e1 na v\u00edno. Hod\u00ed se pro slavnostn\u00ed okam\u017eiky, neform\u00e1ln\u00ed setk\u00e1n\u00ed i v\u0161edn\u00ed ve\u010der s rodinou \u010di p\u0159\u00e1teli.<\/p>\n","protected":false},"featured_media":82264,"comment_status":"closed","ping_status":"closed","template":"","meta":[],"product_brand":[],"product_cat":[121,143,140],"product_tag":[],"class_list":{"0":"post-79903","1":"product","2":"type-product","3":"status-publish","4":"has-post-thumbnail","6":"product_cat-darky-pro-zeny","7":"product_cat-karo","8":"product_cat-sklenice","10":"first","11":"outofstock","12":"shipping-taxable","13":"purchasable","14":"product-type-simple"},"_links":{"self":[{"href":"https:\/\/test.esluzby.net\/index.php?rest_route=\/wp\/v2\/product\/79903","targetHints":{"allow":["GET"]}}],"collection":[{"href":"https:\/\/test.esluzby.net\/index.php?rest_route=\/wp\/v2\/product"}],"about":[{"href":"https:\/\/test.esluzby.net\/index.php?rest_route=\/wp\/v2\/types\/product"}],"replies":[{"embeddable":true,"href":"https:\/\/test.esluzby.net\/index.php?rest_route=%2Fwp%2Fv2%2Fcomments&post=79903"}],"version-history":[{"count":0,"href":"https:\/\/test.esluzby.net\/index.php?rest_route=\/wp\/v2\/product\/79903\/revisions"}],"wp:featuredmedia":[{"embeddable":true,"href":"https:\/\/test.esluzby.net\/index.php?rest_route=\/wp\/v2\/media\/82264"}],"wp:attachment":[{"href":"https:\/\/test.esluzby.net\/index.php?rest_route=%2Fwp%2Fv2%2Fmedia&parent=79903"}],"wp:term":[{"taxonomy":"product_brand","embeddable":true,"href":"https:\/\/test.esluzby.net\/index.php?rest_route=%2Fwp%2Fv2%2Fproduct_brand&post=79903"},{"taxonomy":"product_cat","embeddable":true,"href":"https:\/\/test.esluzby.net\/index.php?rest_route=%2Fwp%2Fv2%2Fproduct_cat&post=79903"},{"taxonomy":"product_tag","embeddable":true,"href":"https:\/\/test.esluzby.net\/index.php?rest_route=%2Fwp%2Fv2%2Fproduct_tag&post=79903"}],"curies":[{"name":"wp","href":"https:\/\/api.w.org\/{rel}","templated":true}]}}