{"id":80563,"date":"2022-08-11T19:07:18","date_gmt":"2022-08-11T17:07:18","guid":{"rendered":"https:\/\/florianovahut.com\/?post_type=product&#038;p=80563"},"modified":"2026-02-19T10:18:53","modified_gmt":"2026-02-19T09:18:53","slug":"dzban-ananas-modry-kour-velky-ii-jakost","status":"publish","type":"product","link":"https:\/\/test.esluzby.net\/?product=dzban-ananas-modry-kour-velky-ii-jakost","title":{"rendered":"D\u017eb\u00e1n 2l &#8211; Hobnail \u2013 Ananas \u2013 modr\u00fd kou\u0159 podj\u00edman\u00fd"},"content":{"rendered":"","protected":false},"excerpt":{"rendered":"<p>Kolekce Hobnail \u2013 d\u0159\u00edve v \u010cech\u00e1ch zn\u00e1m\u00e1 jako Ananas \u2013 je v\u00fdjime\u010dn\u00e1 nejen sv\u00fdm osobit\u00fdm vzhledem, ale i bohatou histori\u00ed. Tento dekor se vyr\u00e1b\u011bl ji\u017e kolem roku 1880 ve skl\u00e1rn\u00e1ch na Teplicku a Novoborsku. V posledn\u00edch letech se stal op\u011bt \u017e\u00e1dan\u00fdm po cel\u00e9m sv\u011bt\u011b. D\u00edky jedine\u010dn\u00e9 technice optiky dok\u00e1\u017ee Hobnail \u2013 Ananas nejen zaujmout sv\u00fdm vzhledem, ale tak\u00e9 udr\u017eet n\u00e1poje v letn\u00edch dnech d\u00e9le chladn\u00e9.<br \/>\nCt\u00edme historii, z\u00e1rove\u0148 se sna\u017e\u00edme o roz\u0161\u00ed\u0159en\u00ed sortimentu s pou\u017eit\u00edm tohoto dekoru. Najdete u n\u00e1s nejr\u016fzn\u011bj\u0161\u00ed sklenice, v\u00e1zy \u010di m\u00edsy, kter\u00e9 se v historii t\u00e9m\u011b\u0159 nevyr\u00e1b\u011bly. V dochovan\u00fdch archivech jsou v tomto dekoru zmi\u0148ovan\u00e9 pouze d\u017eb\u00e1ny.<br \/>\nD\u017eb\u00e1n z kolekce Hobnail je stylov\u00fd dopln\u011bk pro V\u00e1\u0161 domov. Vych\u00e1z\u00edme z tradi\u010dn\u00edho postupu ru\u010dn\u00ed v\u00fdroby. D\u00edky sv\u00e9mu nad\u010dasov\u00e9mu vzhledu p\u016fsob\u00ed jako \u0161perk na ka\u017ed\u00e9m stole.<br \/>\nV letn\u00edch dnech je ide\u00e1ln\u00ed na dom\u00e1c\u00ed limon\u00e1du s pl\u00e1tky citronu nebo t\u0159eba osv\u011b\u017euj\u00edc\u00ed pivo. Sv\u00e9 uplatn\u011bn\u00ed si ur\u010dit\u011b najde i v zim\u011b, nen\u00ed ov\u0161em ur\u010den\u00fd pro hork\u00e9 n\u00e1poje.<br \/>\nS ru\u010dn\u011b foukan\u00fdmi sklenicemi a p\u016fllitry ze sady Hobnail tvo\u0159\u00ed harmonickou sadu \u2013 ide\u00e1ln\u00ed pro serv\u00edrov\u00e1n\u00ed n\u00e1poj\u016f p\u0159i slavnostn\u00ed ve\u010de\u0159i, zahradn\u00ed oslav\u011b nebo jen tak pro radost.<br \/>\nD\u017eb\u00e1n v barv\u011b podj\u00edman\u00fd \u2013 modr\u00fd kou\u0159 se vyr\u00e1b\u00ed tak, \u017ee se nanese na sklo po\u017eadovan\u00e1 barva a op\u011bt se p\u0159evrstv\u00ed k\u0159i\u0161\u0165\u00e1lov\u00fdm sklem. Sytost barvy se na ka\u017ed\u00e9m d\u017eb\u00e1nu m\u00edrn\u011b li\u0161\u00ed. Ucho d\u017eb\u00e1nu z\u016fst\u00e1v\u00e1 vzhledem k t\u00e9to technice k\u0159i\u0161\u0165\u00e1lov\u00e9. V\u00fdroba d\u017eb\u00e1nu je \u010dasov\u011b n\u00e1ro\u010dn\u011bj\u0161\u00ed<\/p>\n","protected":false},"featured_media":82303,"comment_status":"closed","ping_status":"closed","template":"","meta":[],"product_brand":[],"product_cat":[142,119],"product_tag":[],"class_list":{"0":"post-80563","1":"product","2":"type-product","3":"status-publish","4":"has-post-thumbnail","6":"product_cat-hobnail-ananas","7":"product_cat-sklenene-dzbany","9":"first","10":"outofstock","11":"shipping-taxable","12":"purchasable","13":"product-type-simple"},"_links":{"self":[{"href":"https:\/\/test.esluzby.net\/index.php?rest_route=\/wp\/v2\/product\/80563","targetHints":{"allow":["GET"]}}],"collection":[{"href":"https:\/\/test.esluzby.net\/index.php?rest_route=\/wp\/v2\/product"}],"about":[{"href":"https:\/\/test.esluzby.net\/index.php?rest_route=\/wp\/v2\/types\/product"}],"replies":[{"embeddable":true,"href":"https:\/\/test.esluzby.net\/index.php?rest_route=%2Fwp%2Fv2%2Fcomments&post=80563"}],"version-history":[{"count":0,"href":"https:\/\/test.esluzby.net\/index.php?rest_route=\/wp\/v2\/product\/80563\/revisions"}],"wp:featuredmedia":[{"embeddable":true,"href":"https:\/\/test.esluzby.net\/index.php?rest_route=\/wp\/v2\/media\/82303"}],"wp:attachment":[{"href":"https:\/\/test.esluzby.net\/index.php?rest_route=%2Fwp%2Fv2%2Fmedia&parent=80563"}],"wp:term":[{"taxonomy":"product_brand","embeddable":true,"href":"https:\/\/test.esluzby.net\/index.php?rest_route=%2Fwp%2Fv2%2Fproduct_brand&post=80563"},{"taxonomy":"product_cat","embeddable":true,"href":"https:\/\/test.esluzby.net\/index.php?rest_route=%2Fwp%2Fv2%2Fproduct_cat&post=80563"},{"taxonomy":"product_tag","embeddable":true,"href":"https:\/\/test.esluzby.net\/index.php?rest_route=%2Fwp%2Fv2%2Fproduct_tag&post=80563"}],"curies":[{"name":"wp","href":"https:\/\/api.w.org\/{rel}","templated":true}]}}