{"id":80994,"date":"2022-08-13T22:14:48","date_gmt":"2022-08-13T20:14:48","guid":{"rendered":"https:\/\/florianovahut.com\/?post_type=product&#038;p=80994"},"modified":"2026-02-19T10:19:24","modified_gmt":"2026-02-19T09:19:24","slug":"petrolejova-lampa-zavesna-kovarska-0300-0000-15","status":"publish","type":"product","link":"https:\/\/test.esluzby.net\/?product=petrolejova-lampa-zavesna-kovarska-0300-0000-15","title":{"rendered":"Petrolejov\u00e1 lampa z\u00e1v\u011bsn\u00e1 kov\u00e1\u0159sk\u00e1 II.jakost"},"content":{"rendered":"","protected":false},"excerpt":{"rendered":"<p>II.jakost &#8211; mal\u00e9 bublinky ve st\u00ednidle, konstrukce m\u00edrn\u011b pok\u0159iven\u00e1. Nem\u00e1 vliv na funkci, okem viditeln\u00e9 pouze z ur\u010dit\u00e9 strany. Petrolejov\u00e1 lampa je zdrojem sv\u011btla ji\u017e od d\u00e1vn\u00fdch \u010das\u016f. V sou\u010dasnosti je ur\u010dena pro romantick\u00e9 okam\u017eiky a chvilky odpo\u010dinku, relaxace. Lampy pln\u00edme petrolejem nebo lampov\u00fdm olejem &#8211; nejl\u00e9pe \u010dir\u00fd lampov\u00fd olej. P\u0159i nalit\u00ed n\u00e1dr\u017eky (minim\u00e1lne 2\/3) neboli baz\u00e9nky je nutno cca 2-3 hodiny vy\u010dkat, aby se knot mohl dostate\u010dn\u011b nas\u00e1knout. Knot rovn\u011b st\u0159i\u017een\u00fd zap\u00e1l\u00edme a jakmile se zah\u0159eje ho\u0159\u00e1k, zasuneme knot do ho\u0159\u00e1ku. T\u00edm doc\u00edl\u00edme jemn\u00e9ho spojen\u00e9ho sv\u011btla, kdy ho\u0159\u00ed olej z baz\u00e9nky a knot ne\u010doud\u00ed.<\/p>\n","protected":false},"featured_media":82350,"comment_status":"closed","ping_status":"closed","template":"","meta":[],"product_brand":[],"product_cat":[134,131],"product_tag":[],"class_list":{"0":"post-80994","1":"product","2":"type-product","3":"status-publish","4":"has-post-thumbnail","6":"product_cat-premiove-petrolejove-lampy","7":"product_cat-sklenene-zavesne-lampy","9":"first","10":"outofstock","11":"sale","12":"shipping-taxable","13":"purchasable","14":"product-type-simple"},"_links":{"self":[{"href":"https:\/\/test.esluzby.net\/index.php?rest_route=\/wp\/v2\/product\/80994","targetHints":{"allow":["GET"]}}],"collection":[{"href":"https:\/\/test.esluzby.net\/index.php?rest_route=\/wp\/v2\/product"}],"about":[{"href":"https:\/\/test.esluzby.net\/index.php?rest_route=\/wp\/v2\/types\/product"}],"replies":[{"embeddable":true,"href":"https:\/\/test.esluzby.net\/index.php?rest_route=%2Fwp%2Fv2%2Fcomments&post=80994"}],"version-history":[{"count":0,"href":"https:\/\/test.esluzby.net\/index.php?rest_route=\/wp\/v2\/product\/80994\/revisions"}],"wp:featuredmedia":[{"embeddable":true,"href":"https:\/\/test.esluzby.net\/index.php?rest_route=\/wp\/v2\/media\/82350"}],"wp:attachment":[{"href":"https:\/\/test.esluzby.net\/index.php?rest_route=%2Fwp%2Fv2%2Fmedia&parent=80994"}],"wp:term":[{"taxonomy":"product_brand","embeddable":true,"href":"https:\/\/test.esluzby.net\/index.php?rest_route=%2Fwp%2Fv2%2Fproduct_brand&post=80994"},{"taxonomy":"product_cat","embeddable":true,"href":"https:\/\/test.esluzby.net\/index.php?rest_route=%2Fwp%2Fv2%2Fproduct_cat&post=80994"},{"taxonomy":"product_tag","embeddable":true,"href":"https:\/\/test.esluzby.net\/index.php?rest_route=%2Fwp%2Fv2%2Fproduct_tag&post=80994"}],"curies":[{"name":"wp","href":"https:\/\/api.w.org\/{rel}","templated":true}]}}