{"id":82537,"date":"2022-09-13T19:45:20","date_gmt":"2022-09-13T17:45:20","guid":{"rendered":"https:\/\/test.esluzby.net\/?post_type=product&#038;p=82537"},"modified":"2026-02-19T10:20:47","modified_gmt":"2026-02-19T09:20:47","slug":"karafa-zdobena-cinem-art-nouveau","status":"publish","type":"product","link":"https:\/\/test.esluzby.net\/?product=karafa-zdobena-cinem-art-nouveau","title":{"rendered":"Karafa zdoben\u00e1 c\u00ednem Art Nouveau"},"content":{"rendered":"","protected":false},"excerpt":{"rendered":"<p>C\u00edna\u0159stv\u00ed &#8211; pas\u00ed\u0159stv\u00ed je odl\u00e9v\u00e1n\u00ed dobov\u00fdch replik dle origin\u00e1lu, kter\u00e9 tvo\u0159\u00ed se sklem kr\u00e1sn\u00e9 kombinace. Vyr\u00e1b\u00edme v\u011brn\u00e9 repliky c\u00ednov\u00fdch p\u0159edm\u011bt\u016f, se kter\u00fdmi kombinujeme na\u0161e sklen\u011bn\u00e9 v\u00fdrobky- karafy, poh\u00e1ry, p\u016fllitry, d\u017eb\u00e1ny, zvonky, sklenice, m\u00edsy, petrolejov\u00e9 lampy. V\u0161e je ru\u010dn\u00ed pr\u00e1ce.<\/p>\n","protected":false},"featured_media":82597,"comment_status":"closed","ping_status":"closed","template":"","meta":[],"product_brand":[],"product_cat":[118,123],"product_tag":[],"class_list":{"0":"post-82537","1":"product","2":"type-product","3":"status-publish","4":"has-post-thumbnail","6":"product_cat-art-nouveau","7":"product_cat-lahve-a-karafy","9":"first","10":"instock","11":"shipping-taxable","12":"purchasable","13":"product-type-simple"},"_links":{"self":[{"href":"https:\/\/test.esluzby.net\/index.php?rest_route=\/wp\/v2\/product\/82537","targetHints":{"allow":["GET"]}}],"collection":[{"href":"https:\/\/test.esluzby.net\/index.php?rest_route=\/wp\/v2\/product"}],"about":[{"href":"https:\/\/test.esluzby.net\/index.php?rest_route=\/wp\/v2\/types\/product"}],"replies":[{"embeddable":true,"href":"https:\/\/test.esluzby.net\/index.php?rest_route=%2Fwp%2Fv2%2Fcomments&post=82537"}],"version-history":[{"count":0,"href":"https:\/\/test.esluzby.net\/index.php?rest_route=\/wp\/v2\/product\/82537\/revisions"}],"wp:featuredmedia":[{"embeddable":true,"href":"https:\/\/test.esluzby.net\/index.php?rest_route=\/wp\/v2\/media\/82597"}],"wp:attachment":[{"href":"https:\/\/test.esluzby.net\/index.php?rest_route=%2Fwp%2Fv2%2Fmedia&parent=82537"}],"wp:term":[{"taxonomy":"product_brand","embeddable":true,"href":"https:\/\/test.esluzby.net\/index.php?rest_route=%2Fwp%2Fv2%2Fproduct_brand&post=82537"},{"taxonomy":"product_cat","embeddable":true,"href":"https:\/\/test.esluzby.net\/index.php?rest_route=%2Fwp%2Fv2%2Fproduct_cat&post=82537"},{"taxonomy":"product_tag","embeddable":true,"href":"https:\/\/test.esluzby.net\/index.php?rest_route=%2Fwp%2Fv2%2Fproduct_tag&post=82537"}],"curies":[{"name":"wp","href":"https:\/\/api.w.org\/{rel}","templated":true}]}}