{"id":82566,"date":"2022-09-10T20:57:59","date_gmt":"2022-09-10T18:57:59","guid":{"rendered":"https:\/\/test.esluzby.net\/?post_type=product&#038;p=82566"},"modified":"2026-02-19T10:20:38","modified_gmt":"2026-02-19T09:20:38","slug":"plochy-knot-do-horaku-30-50-mm","status":"publish","type":"product","link":"https:\/\/test.esluzby.net\/?product=plochy-knot-do-horaku-30-50-mm","title":{"rendered":"Ploch\u00fd knot do ho\u0159\u00e1ku 30\/50 mm"},"content":{"rendered":"","protected":false},"excerpt":{"rendered":"<p>Knot do petrolejky tkan\u00fd ploch\u00fd 22 mm,1 m re\u017en\u00fd. 100% bavln\u011bn\u00fd tkan\u00fd ploch\u00fd knot s vysokou nas\u00e1kavost\u00ed. \u0160\u00ed\u0159e 22 mm. Barva re\u017en\u00e1 s modrou nit\u00ed uprost\u0159ed.Kompatibiln\u00ed s ho\u0159\u00e1kem \u010d.2.<\/p>\n","protected":false},"featured_media":82567,"comment_status":"closed","ping_status":"closed","template":"","meta":[],"product_brand":[],"product_cat":[132],"product_tag":[],"class_list":{"0":"post-82566","1":"product","2":"type-product","3":"status-publish","4":"has-post-thumbnail","6":"product_cat-nahradni-dily-k-lampam","8":"first","9":"outofstock","10":"shipping-taxable","11":"purchasable","12":"product-type-simple"},"_links":{"self":[{"href":"https:\/\/test.esluzby.net\/index.php?rest_route=\/wp\/v2\/product\/82566","targetHints":{"allow":["GET"]}}],"collection":[{"href":"https:\/\/test.esluzby.net\/index.php?rest_route=\/wp\/v2\/product"}],"about":[{"href":"https:\/\/test.esluzby.net\/index.php?rest_route=\/wp\/v2\/types\/product"}],"replies":[{"embeddable":true,"href":"https:\/\/test.esluzby.net\/index.php?rest_route=%2Fwp%2Fv2%2Fcomments&post=82566"}],"version-history":[{"count":0,"href":"https:\/\/test.esluzby.net\/index.php?rest_route=\/wp\/v2\/product\/82566\/revisions"}],"wp:featuredmedia":[{"embeddable":true,"href":"https:\/\/test.esluzby.net\/index.php?rest_route=\/wp\/v2\/media\/82567"}],"wp:attachment":[{"href":"https:\/\/test.esluzby.net\/index.php?rest_route=%2Fwp%2Fv2%2Fmedia&parent=82566"}],"wp:term":[{"taxonomy":"product_brand","embeddable":true,"href":"https:\/\/test.esluzby.net\/index.php?rest_route=%2Fwp%2Fv2%2Fproduct_brand&post=82566"},{"taxonomy":"product_cat","embeddable":true,"href":"https:\/\/test.esluzby.net\/index.php?rest_route=%2Fwp%2Fv2%2Fproduct_cat&post=82566"},{"taxonomy":"product_tag","embeddable":true,"href":"https:\/\/test.esluzby.net\/index.php?rest_route=%2Fwp%2Fv2%2Fproduct_tag&post=82566"}],"curies":[{"name":"wp","href":"https:\/\/api.w.org\/{rel}","templated":true}]}}