{"id":82926,"date":"2022-09-22T20:32:58","date_gmt":"2022-09-22T18:32:58","guid":{"rendered":"https:\/\/test.esluzby.net\/?post_type=product&#038;p=82926"},"modified":"2026-02-19T10:21:01","modified_gmt":"2026-02-19T09:21:01","slug":"ceske-sklenene-srdce-misa","status":"publish","type":"product","link":"https:\/\/test.esluzby.net\/?product=ceske-sklenene-srdce-misa","title":{"rendered":"M\u00edsa &#8211; \u010desk\u00e9 sklen\u011bn\u00e9 srdce &#8211; gran\u00e1t"},"content":{"rendered":"","protected":false},"excerpt":{"rendered":"<p>Sklen\u011bn\u00e1 m\u00edsa srdce vznik\u00e1 vyfouknut\u00edm pln\u00e9ho srdce s dutinou uvnit\u0159. Roz\u0159\u00edznut\u00edm vzniknou 2 identick\u00e9 kusy. Ka\u017ed\u00fd kus se m\u00edrn\u011b li\u0161\u00ed svou velikost\u00ed. Dekorativn\u00ed m\u00edsa.<\/p>\n","protected":false},"featured_media":82927,"comment_status":"closed","ping_status":"closed","template":"","meta":[],"product_brand":[],"product_cat":[121,124,141,111,144,125],"product_tag":[],"class_list":{"0":"post-82926","1":"product","2":"type-product","3":"status-publish","4":"has-post-thumbnail","6":"product_cat-darky-pro-zeny","7":"product_cat-sklenene-misy","8":"product_cat-svatebni-darky","9":"product_cat-tipy-na-darky","10":"product_cat-valentyn","11":"product_cat-vanocni-darky","13":"first","14":"outofstock","15":"shipping-taxable","16":"purchasable","17":"product-type-simple"},"_links":{"self":[{"href":"https:\/\/test.esluzby.net\/index.php?rest_route=\/wp\/v2\/product\/82926","targetHints":{"allow":["GET"]}}],"collection":[{"href":"https:\/\/test.esluzby.net\/index.php?rest_route=\/wp\/v2\/product"}],"about":[{"href":"https:\/\/test.esluzby.net\/index.php?rest_route=\/wp\/v2\/types\/product"}],"replies":[{"embeddable":true,"href":"https:\/\/test.esluzby.net\/index.php?rest_route=%2Fwp%2Fv2%2Fcomments&post=82926"}],"version-history":[{"count":0,"href":"https:\/\/test.esluzby.net\/index.php?rest_route=\/wp\/v2\/product\/82926\/revisions"}],"wp:featuredmedia":[{"embeddable":true,"href":"https:\/\/test.esluzby.net\/index.php?rest_route=\/wp\/v2\/media\/82927"}],"wp:attachment":[{"href":"https:\/\/test.esluzby.net\/index.php?rest_route=%2Fwp%2Fv2%2Fmedia&parent=82926"}],"wp:term":[{"taxonomy":"product_brand","embeddable":true,"href":"https:\/\/test.esluzby.net\/index.php?rest_route=%2Fwp%2Fv2%2Fproduct_brand&post=82926"},{"taxonomy":"product_cat","embeddable":true,"href":"https:\/\/test.esluzby.net\/index.php?rest_route=%2Fwp%2Fv2%2Fproduct_cat&post=82926"},{"taxonomy":"product_tag","embeddable":true,"href":"https:\/\/test.esluzby.net\/index.php?rest_route=%2Fwp%2Fv2%2Fproduct_tag&post=82926"}],"curies":[{"name":"wp","href":"https:\/\/api.w.org\/{rel}","templated":true}]}}