{"id":83045,"date":"2022-09-28T21:28:08","date_gmt":"2022-09-28T19:28:08","guid":{"rendered":"https:\/\/test.esluzby.net\/?post_type=product&#038;p=83045"},"modified":"2026-02-19T10:21:06","modified_gmt":"2026-02-19T09:21:06","slug":"cylindr-prumer-36-mm-x-170-mm","status":"publish","type":"product","link":"https:\/\/test.esluzby.net\/?product=cylindr-prumer-36-mm-x-170-mm","title":{"rendered":"Cylindr &#8211; pr\u016fm\u011br 36 mm \u00d7 170 mm"},"content":{"rendered":"","protected":false},"excerpt":{"rendered":"<p>Cylindr je vyroben z tenkost\u011bnn\u00e9ho borosilik\u00e1tov\u00e9ho skla, tento materi\u00e1l vykazuje velkou teplotn\u00ed odolnost a hou\u017eevnatost proti prask\u00e1n\u00ed p\u0159i styku s plamenem. Cylindr podporuje efektivn\u00ed ho\u0159en\u00ed, udr\u017euje optim\u00e1ln\u00ed tvar plamene a chr\u00e1n\u00ed jej p\u0159ed pov\u011btrnostn\u00edmi vlivy. Pozor cylindr je p\u0159i pou\u017e\u00edv\u00e1n\u00ed velmi hork\u00fd. Cylindr pravideln\u011b \u010dist\u011bte such\u00fdm m\u011bkk\u00fdm hadrem.<\/p>\n","protected":false},"featured_media":83046,"comment_status":"closed","ping_status":"closed","template":"","meta":[],"product_brand":[],"product_cat":[132],"product_tag":[],"class_list":{"0":"post-83045","1":"product","2":"type-product","3":"status-publish","4":"has-post-thumbnail","6":"product_cat-nahradni-dily-k-lampam","8":"first","9":"outofstock","10":"shipping-taxable","11":"purchasable","12":"product-type-simple"},"_links":{"self":[{"href":"https:\/\/test.esluzby.net\/index.php?rest_route=\/wp\/v2\/product\/83045","targetHints":{"allow":["GET"]}}],"collection":[{"href":"https:\/\/test.esluzby.net\/index.php?rest_route=\/wp\/v2\/product"}],"about":[{"href":"https:\/\/test.esluzby.net\/index.php?rest_route=\/wp\/v2\/types\/product"}],"replies":[{"embeddable":true,"href":"https:\/\/test.esluzby.net\/index.php?rest_route=%2Fwp%2Fv2%2Fcomments&post=83045"}],"version-history":[{"count":0,"href":"https:\/\/test.esluzby.net\/index.php?rest_route=\/wp\/v2\/product\/83045\/revisions"}],"wp:featuredmedia":[{"embeddable":true,"href":"https:\/\/test.esluzby.net\/index.php?rest_route=\/wp\/v2\/media\/83046"}],"wp:attachment":[{"href":"https:\/\/test.esluzby.net\/index.php?rest_route=%2Fwp%2Fv2%2Fmedia&parent=83045"}],"wp:term":[{"taxonomy":"product_brand","embeddable":true,"href":"https:\/\/test.esluzby.net\/index.php?rest_route=%2Fwp%2Fv2%2Fproduct_brand&post=83045"},{"taxonomy":"product_cat","embeddable":true,"href":"https:\/\/test.esluzby.net\/index.php?rest_route=%2Fwp%2Fv2%2Fproduct_cat&post=83045"},{"taxonomy":"product_tag","embeddable":true,"href":"https:\/\/test.esluzby.net\/index.php?rest_route=%2Fwp%2Fv2%2Fproduct_tag&post=83045"}],"curies":[{"name":"wp","href":"https:\/\/api.w.org\/{rel}","templated":true}]}}