{"id":83446,"date":"2022-10-06T21:36:08","date_gmt":"2022-10-06T19:36:08","guid":{"rendered":"https:\/\/test.esluzby.net\/?post_type=product&#038;p=83446"},"modified":"2026-02-19T10:21:32","modified_gmt":"2026-02-19T09:21:32","slug":"petrolejova-lampa-karo-kour-2500-1502-11","status":"publish","type":"product","link":"https:\/\/test.esluzby.net\/?product=petrolejova-lampa-karo-kour-2500-1502-11","title":{"rendered":"Petrolejov\u00e1 lampa"},"content":{"rendered":"","protected":false},"excerpt":{"rendered":"<p>Kolekce \u201eK\u00e1ro\u201c je v\u00fdjime\u010dn\u00e1 nejen sv\u00fdm vzhledem, ale i histori\u00ed. Pro jej\u00ed tvorbu se vyu\u017e\u00edvaj\u00ed optick\u00e9 formy, kter\u00e9 se pou\u017e\u00edvaly ji\u017e od po\u010d\u00e1tku skl\u00e1\u0159stv\u00ed v \u010desk\u00fdch zem\u00edch. Ty se postupn\u011b zdokonalovaly a p\u0159izp\u016fsobovaly st\u00e1le slo\u017eit\u011bj\u0161\u00edm dekor\u016fm. A jednou z optik, kter\u00e1 se zachovala dodnes, je pr\u00e1v\u011b v tomto dekoru, zvan\u00e9m \u201cK\u00e1ro\u201d.Kolekce je v na\u0161em portfoliu produkt\u016f naprostou novinkou. Vyr\u00e1b\u00edme produkty od d\u017eb\u00e1n\u016f, p\u0159es r\u016fzn\u00e9 misky a skleni\u010dky, a\u017e po petrolejov\u00e9 lampy. A to v\u0161e ve v\u00edce ne\u017e 10 barv\u00e1ch. Na sv\u00e9 si tedy p\u0159ijdou v\u0161ichni milovn\u00edci kvalitn\u00edho a origin\u00e1ln\u00edho skla.II.jakost &#8211; kosmetick\u00e9 vady<\/p>\n","protected":false},"featured_media":83447,"comment_status":"closed","ping_status":"closed","template":"","meta":[],"product_brand":[],"product_cat":[121,143,129],"product_tag":[],"class_list":{"0":"post-83446","1":"product","2":"type-product","3":"status-publish","4":"has-post-thumbnail","6":"product_cat-darky-pro-zeny","7":"product_cat-karo","8":"product_cat-sklenene-petrolejove-lampy","10":"first","11":"outofstock","12":"shipping-taxable","13":"purchasable","14":"product-type-simple"},"_links":{"self":[{"href":"https:\/\/test.esluzby.net\/index.php?rest_route=\/wp\/v2\/product\/83446","targetHints":{"allow":["GET"]}}],"collection":[{"href":"https:\/\/test.esluzby.net\/index.php?rest_route=\/wp\/v2\/product"}],"about":[{"href":"https:\/\/test.esluzby.net\/index.php?rest_route=\/wp\/v2\/types\/product"}],"replies":[{"embeddable":true,"href":"https:\/\/test.esluzby.net\/index.php?rest_route=%2Fwp%2Fv2%2Fcomments&post=83446"}],"version-history":[{"count":0,"href":"https:\/\/test.esluzby.net\/index.php?rest_route=\/wp\/v2\/product\/83446\/revisions"}],"wp:featuredmedia":[{"embeddable":true,"href":"https:\/\/test.esluzby.net\/index.php?rest_route=\/wp\/v2\/media\/83447"}],"wp:attachment":[{"href":"https:\/\/test.esluzby.net\/index.php?rest_route=%2Fwp%2Fv2%2Fmedia&parent=83446"}],"wp:term":[{"taxonomy":"product_brand","embeddable":true,"href":"https:\/\/test.esluzby.net\/index.php?rest_route=%2Fwp%2Fv2%2Fproduct_brand&post=83446"},{"taxonomy":"product_cat","embeddable":true,"href":"https:\/\/test.esluzby.net\/index.php?rest_route=%2Fwp%2Fv2%2Fproduct_cat&post=83446"},{"taxonomy":"product_tag","embeddable":true,"href":"https:\/\/test.esluzby.net\/index.php?rest_route=%2Fwp%2Fv2%2Fproduct_tag&post=83446"}],"curies":[{"name":"wp","href":"https:\/\/api.w.org\/{rel}","templated":true}]}}