{"id":83886,"date":"2022-11-01T19:45:30","date_gmt":"2022-11-01T18:45:30","guid":{"rendered":"https:\/\/test.esluzby.net\/?post_type=product&#038;p=83886"},"modified":"2026-02-19T10:21:49","modified_gmt":"2026-02-19T09:21:49","slug":"vaza-the-night-sky","status":"publish","type":"product","link":"https:\/\/test.esluzby.net\/?product=vaza-the-night-sky","title":{"rendered":"V\u00e1za The Night Sky"},"content":{"rendered":"","protected":false},"excerpt":{"rendered":"<p>Jedine\u010dn\u00e1 v\u00e1za, u kter\u00e9 se nem\u016f\u017ee st\u00e1t, \u017ee by n\u011bkdo m\u011bl stejnou jako vy &#8211; vyrobili jsme toti\u017e pouze jednu jedinou! O design a v\u00fdrobu t\u00e9to v\u00e1zy se postarali Petr a Luk\u00e1\u0161 \u010cerven\u00fd. Majitel skl\u00e1rny a jeho syn, tvo\u0159\u00ed jedine\u010dn\u00fd t\u00fdm, kdy jim pod rukami vznikaj\u00ed naprosto unik\u00e1tn\u00ed a designov\u00e9 v\u00fdtvory. Akvamar\u00edn v kombinaci s b\u00edl\u00fdmi prvky tvo\u0159\u00ed kr\u00e1sn\u00fd design, kter\u00fd se bude vyj\u00edmat ve va\u0161em interi\u00e9ru.<\/p>\n","protected":false},"featured_media":83887,"comment_status":"closed","ping_status":"closed","template":"","meta":[],"product_brand":[],"product_cat":[121,150,141],"product_tag":[],"class_list":{"0":"post-83886","1":"product","2":"type-product","3":"status-publish","4":"has-post-thumbnail","6":"product_cat-darky-pro-zeny","7":"product_cat-premiove-sklenene-vazy","8":"product_cat-svatebni-darky","10":"first","11":"outofstock","12":"shipping-taxable","13":"purchasable","14":"product-type-simple"},"_links":{"self":[{"href":"https:\/\/test.esluzby.net\/index.php?rest_route=\/wp\/v2\/product\/83886","targetHints":{"allow":["GET"]}}],"collection":[{"href":"https:\/\/test.esluzby.net\/index.php?rest_route=\/wp\/v2\/product"}],"about":[{"href":"https:\/\/test.esluzby.net\/index.php?rest_route=\/wp\/v2\/types\/product"}],"replies":[{"embeddable":true,"href":"https:\/\/test.esluzby.net\/index.php?rest_route=%2Fwp%2Fv2%2Fcomments&post=83886"}],"version-history":[{"count":0,"href":"https:\/\/test.esluzby.net\/index.php?rest_route=\/wp\/v2\/product\/83886\/revisions"}],"wp:featuredmedia":[{"embeddable":true,"href":"https:\/\/test.esluzby.net\/index.php?rest_route=\/wp\/v2\/media\/83887"}],"wp:attachment":[{"href":"https:\/\/test.esluzby.net\/index.php?rest_route=%2Fwp%2Fv2%2Fmedia&parent=83886"}],"wp:term":[{"taxonomy":"product_brand","embeddable":true,"href":"https:\/\/test.esluzby.net\/index.php?rest_route=%2Fwp%2Fv2%2Fproduct_brand&post=83886"},{"taxonomy":"product_cat","embeddable":true,"href":"https:\/\/test.esluzby.net\/index.php?rest_route=%2Fwp%2Fv2%2Fproduct_cat&post=83886"},{"taxonomy":"product_tag","embeddable":true,"href":"https:\/\/test.esluzby.net\/index.php?rest_route=%2Fwp%2Fv2%2Fproduct_tag&post=83886"}],"curies":[{"name":"wp","href":"https:\/\/api.w.org\/{rel}","templated":true}]}}