{"id":84256,"date":"2022-11-19T17:07:50","date_gmt":"2022-11-19T16:07:50","guid":{"rendered":"https:\/\/test.esluzby.net\/?post_type=product&#038;p=84256"},"modified":"2026-02-19T10:21:55","modified_gmt":"2026-02-19T09:21:55","slug":"skleneny-andel-svitici-pigment-zeleny","status":"publish","type":"product","link":"https:\/\/test.esluzby.net\/?product=skleneny-andel-svitici-pigment-zeleny","title":{"rendered":"And\u011bl &#8211; sv\u00edt\u00edc\u00ed pigment zelen\u00fd"},"content":{"rendered":"","protected":false},"excerpt":{"rendered":"<p>Ru\u010dn\u011b foukan\u00fd sklen\u011bn\u00fd and\u011bl &#8211; ka\u017ed\u00fd kus je origin\u00e1l, ka\u017ed\u00fd kus se li\u0161\u00ed minim\u00e1ln\u011b velikost\u00ed k\u0159\u00eddel.<\/p>\n","protected":false},"featured_media":84257,"comment_status":"closed","ping_status":"closed","template":"","meta":[],"product_brand":[],"product_cat":[146],"product_tag":[],"class_list":{"0":"post-84256","1":"product","2":"type-product","3":"status-publish","4":"has-post-thumbnail","6":"product_cat-sklenena-tezitka-a-olejove-lampy","8":"first","9":"instock","10":"sale","11":"shipping-taxable","12":"purchasable","13":"product-type-simple"},"_links":{"self":[{"href":"https:\/\/test.esluzby.net\/index.php?rest_route=\/wp\/v2\/product\/84256","targetHints":{"allow":["GET"]}}],"collection":[{"href":"https:\/\/test.esluzby.net\/index.php?rest_route=\/wp\/v2\/product"}],"about":[{"href":"https:\/\/test.esluzby.net\/index.php?rest_route=\/wp\/v2\/types\/product"}],"replies":[{"embeddable":true,"href":"https:\/\/test.esluzby.net\/index.php?rest_route=%2Fwp%2Fv2%2Fcomments&post=84256"}],"version-history":[{"count":0,"href":"https:\/\/test.esluzby.net\/index.php?rest_route=\/wp\/v2\/product\/84256\/revisions"}],"wp:featuredmedia":[{"embeddable":true,"href":"https:\/\/test.esluzby.net\/index.php?rest_route=\/wp\/v2\/media\/84257"}],"wp:attachment":[{"href":"https:\/\/test.esluzby.net\/index.php?rest_route=%2Fwp%2Fv2%2Fmedia&parent=84256"}],"wp:term":[{"taxonomy":"product_brand","embeddable":true,"href":"https:\/\/test.esluzby.net\/index.php?rest_route=%2Fwp%2Fv2%2Fproduct_brand&post=84256"},{"taxonomy":"product_cat","embeddable":true,"href":"https:\/\/test.esluzby.net\/index.php?rest_route=%2Fwp%2Fv2%2Fproduct_cat&post=84256"},{"taxonomy":"product_tag","embeddable":true,"href":"https:\/\/test.esluzby.net\/index.php?rest_route=%2Fwp%2Fv2%2Fproduct_tag&post=84256"}],"curies":[{"name":"wp","href":"https:\/\/api.w.org\/{rel}","templated":true}]}}