{"id":84308,"date":"2022-11-20T14:17:00","date_gmt":"2022-11-20T13:17:00","guid":{"rendered":"https:\/\/test.esluzby.net\/?post_type=product&#038;p=84308"},"modified":"2026-02-19T10:21:59","modified_gmt":"2026-02-19T09:21:59","slug":"kristalova-doza-3l","status":"publish","type":"product","link":"https:\/\/test.esluzby.net\/?product=kristalova-doza-3l","title":{"rendered":"K\u0159i\u0161\u0165\u00e1lov\u00e1 d\u00f3za na k\u00e1vu, \u010daj, t\u011bstoviny"},"content":{"rendered":"","protected":false},"excerpt":{"rendered":"<p>K\u0159i\u0161\u0165\u00e1lov\u00e1 doza ru\u010dn\u011b foukan\u00e1 v na\u0161\u00ed skl\u00e1rn\u011b. V\u0161estrann\u00e9 vyu\u017eit\u00ed &#8211; na k\u00e1vu, \u010daj, t\u011bstoviny, su\u0161en\u00e9 bylinky a mnoho dal\u0161\u00edho.<\/p>\n","protected":false},"featured_media":84309,"comment_status":"closed","ping_status":"closed","template":"","meta":[],"product_brand":[],"product_cat":[116],"product_tag":[],"class_list":{"0":"post-84308","1":"product","2":"type-product","3":"status-publish","4":"has-post-thumbnail","6":"product_cat-specificke-stolni-sklo","8":"first","9":"outofstock","10":"shipping-taxable","11":"purchasable","12":"product-type-simple"},"_links":{"self":[{"href":"https:\/\/test.esluzby.net\/index.php?rest_route=\/wp\/v2\/product\/84308","targetHints":{"allow":["GET"]}}],"collection":[{"href":"https:\/\/test.esluzby.net\/index.php?rest_route=\/wp\/v2\/product"}],"about":[{"href":"https:\/\/test.esluzby.net\/index.php?rest_route=\/wp\/v2\/types\/product"}],"replies":[{"embeddable":true,"href":"https:\/\/test.esluzby.net\/index.php?rest_route=%2Fwp%2Fv2%2Fcomments&post=84308"}],"version-history":[{"count":0,"href":"https:\/\/test.esluzby.net\/index.php?rest_route=\/wp\/v2\/product\/84308\/revisions"}],"wp:featuredmedia":[{"embeddable":true,"href":"https:\/\/test.esluzby.net\/index.php?rest_route=\/wp\/v2\/media\/84309"}],"wp:attachment":[{"href":"https:\/\/test.esluzby.net\/index.php?rest_route=%2Fwp%2Fv2%2Fmedia&parent=84308"}],"wp:term":[{"taxonomy":"product_brand","embeddable":true,"href":"https:\/\/test.esluzby.net\/index.php?rest_route=%2Fwp%2Fv2%2Fproduct_brand&post=84308"},{"taxonomy":"product_cat","embeddable":true,"href":"https:\/\/test.esluzby.net\/index.php?rest_route=%2Fwp%2Fv2%2Fproduct_cat&post=84308"},{"taxonomy":"product_tag","embeddable":true,"href":"https:\/\/test.esluzby.net\/index.php?rest_route=%2Fwp%2Fv2%2Fproduct_tag&post=84308"}],"curies":[{"name":"wp","href":"https:\/\/api.w.org\/{rel}","templated":true}]}}