{"id":84994,"date":"2022-12-04T21:30:25","date_gmt":"2022-12-04T20:30:25","guid":{"rendered":"https:\/\/test.esluzby.net\/?post_type=product&#038;p=84994"},"modified":"2026-02-19T10:22:28","modified_gmt":"2026-02-19T09:22:28","slug":"vaza-dragon-heart","status":"publish","type":"product","link":"https:\/\/test.esluzby.net\/?product=vaza-dragon-heart","title":{"rendered":"V\u00e1za Dragon Heart"},"content":{"rendered":"","protected":false},"excerpt":{"rendered":"<p>Jedine\u010dn\u00e1 v\u00e1za, u kter\u00e9 se nem\u016f\u017ee st\u00e1t, \u017ee by n\u011bkdo m\u011bl stejnou jako vy &#8211; vyrobili jsme toti\u017e pouze jednu jedinou! O design a v\u00fdrobu t\u00e9to v\u00e1zy se postarali Petr a Luk\u00e1\u0161 \u010cerven\u00fd. Majitel skl\u00e1rny a jeho syn, tvo\u0159\u00ed jedine\u010dn\u00fd t\u00fdm, kdy jim pod rukami vznikaj\u00ed naprosto unik\u00e1tn\u00ed a designov\u00e9 v\u00fdtvory. N\u011bkolik pr\u016fb\u011b\u017en\u011b ochlazovan\u00fdch vrstev gran\u00e1tov\u00e9ho skla z n\u00ed d\u011blaj\u00ed naprosto jedine\u010dn\u00fd kousek.<\/p>\n","protected":false},"featured_media":84995,"comment_status":"closed","ping_status":"closed","template":"","meta":[],"product_brand":[],"product_cat":[121,150,141],"product_tag":[],"class_list":{"0":"post-84994","1":"product","2":"type-product","3":"status-publish","4":"has-post-thumbnail","6":"product_cat-darky-pro-zeny","7":"product_cat-premiove-sklenene-vazy","8":"product_cat-svatebni-darky","10":"first","11":"outofstock","12":"shipping-taxable","13":"purchasable","14":"product-type-simple"},"_links":{"self":[{"href":"https:\/\/test.esluzby.net\/index.php?rest_route=\/wp\/v2\/product\/84994","targetHints":{"allow":["GET"]}}],"collection":[{"href":"https:\/\/test.esluzby.net\/index.php?rest_route=\/wp\/v2\/product"}],"about":[{"href":"https:\/\/test.esluzby.net\/index.php?rest_route=\/wp\/v2\/types\/product"}],"replies":[{"embeddable":true,"href":"https:\/\/test.esluzby.net\/index.php?rest_route=%2Fwp%2Fv2%2Fcomments&post=84994"}],"version-history":[{"count":0,"href":"https:\/\/test.esluzby.net\/index.php?rest_route=\/wp\/v2\/product\/84994\/revisions"}],"wp:featuredmedia":[{"embeddable":true,"href":"https:\/\/test.esluzby.net\/index.php?rest_route=\/wp\/v2\/media\/84995"}],"wp:attachment":[{"href":"https:\/\/test.esluzby.net\/index.php?rest_route=%2Fwp%2Fv2%2Fmedia&parent=84994"}],"wp:term":[{"taxonomy":"product_brand","embeddable":true,"href":"https:\/\/test.esluzby.net\/index.php?rest_route=%2Fwp%2Fv2%2Fproduct_brand&post=84994"},{"taxonomy":"product_cat","embeddable":true,"href":"https:\/\/test.esluzby.net\/index.php?rest_route=%2Fwp%2Fv2%2Fproduct_cat&post=84994"},{"taxonomy":"product_tag","embeddable":true,"href":"https:\/\/test.esluzby.net\/index.php?rest_route=%2Fwp%2Fv2%2Fproduct_tag&post=84994"}],"curies":[{"name":"wp","href":"https:\/\/api.w.org\/{rel}","templated":true}]}}