{"id":85062,"date":"2022-12-06T20:33:57","date_gmt":"2022-12-06T19:33:57","guid":{"rendered":"https:\/\/test.esluzby.net\/?post_type=product&#038;p=85062"},"modified":"2026-02-19T10:22:29","modified_gmt":"2026-02-19T09:22:29","slug":"skleneny-andel-3-cakra-zluty","status":"publish","type":"product","link":"https:\/\/test.esluzby.net\/?product=skleneny-andel-3-cakra-zluty","title":{"rendered":"Sklen\u011bn\u00fd and\u011bl &#8211; 3.\u010dakra"},"content":{"rendered":"","protected":false},"excerpt":{"rendered":"<p>3. \u010dakra solar plexu . Harmonick\u00e1 funkce:\u00a0Voln\u00e9 projevov\u00e1n\u00ed vlastn\u00edch pocit\u016f, radost ze \u017eivota, vnit\u0159n\u00ed harmonie, vitalita, schopnost prosadit se, realizovat.<br \/>\nRu\u010dn\u011b foukan\u00fd sklen\u011bn\u00fd and\u011bl &#8211; ka\u017ed\u00fd kus je origin\u00e1l, ka\u017ed\u00fd kus se li\u0161\u00ed minim\u00e1ln\u011b velikost\u00ed k\u0159\u00eddel.<\/p>\n","protected":false},"featured_media":85063,"comment_status":"closed","ping_status":"closed","template":"","meta":[],"product_brand":[],"product_cat":[146],"product_tag":[],"class_list":{"0":"post-85062","1":"product","2":"type-product","3":"status-publish","4":"has-post-thumbnail","6":"product_cat-sklenena-tezitka-a-olejove-lampy","8":"first","9":"instock","10":"sale","11":"shipping-taxable","12":"purchasable","13":"product-type-simple"},"_links":{"self":[{"href":"https:\/\/test.esluzby.net\/index.php?rest_route=\/wp\/v2\/product\/85062","targetHints":{"allow":["GET"]}}],"collection":[{"href":"https:\/\/test.esluzby.net\/index.php?rest_route=\/wp\/v2\/product"}],"about":[{"href":"https:\/\/test.esluzby.net\/index.php?rest_route=\/wp\/v2\/types\/product"}],"replies":[{"embeddable":true,"href":"https:\/\/test.esluzby.net\/index.php?rest_route=%2Fwp%2Fv2%2Fcomments&post=85062"}],"version-history":[{"count":0,"href":"https:\/\/test.esluzby.net\/index.php?rest_route=\/wp\/v2\/product\/85062\/revisions"}],"wp:featuredmedia":[{"embeddable":true,"href":"https:\/\/test.esluzby.net\/index.php?rest_route=\/wp\/v2\/media\/85063"}],"wp:attachment":[{"href":"https:\/\/test.esluzby.net\/index.php?rest_route=%2Fwp%2Fv2%2Fmedia&parent=85062"}],"wp:term":[{"taxonomy":"product_brand","embeddable":true,"href":"https:\/\/test.esluzby.net\/index.php?rest_route=%2Fwp%2Fv2%2Fproduct_brand&post=85062"},{"taxonomy":"product_cat","embeddable":true,"href":"https:\/\/test.esluzby.net\/index.php?rest_route=%2Fwp%2Fv2%2Fproduct_cat&post=85062"},{"taxonomy":"product_tag","embeddable":true,"href":"https:\/\/test.esluzby.net\/index.php?rest_route=%2Fwp%2Fv2%2Fproduct_tag&post=85062"}],"curies":[{"name":"wp","href":"https:\/\/api.w.org\/{rel}","templated":true}]}}