{"id":85065,"date":"2022-12-06T20:36:02","date_gmt":"2022-12-06T19:36:02","guid":{"rendered":"https:\/\/test.esluzby.net\/?post_type=product&#038;p=85065"},"modified":"2026-02-19T10:22:30","modified_gmt":"2026-02-19T09:22:30","slug":"skleneny-andel-5-cakra-tyrkys","status":"publish","type":"product","link":"https:\/\/test.esluzby.net\/?product=skleneny-andel-5-cakra-tyrkys","title":{"rendered":"Sklen\u011bn\u00fd and\u011bl &#8211; 5.\u010dakra"},"content":{"rendered":"","protected":false},"excerpt":{"rendered":"<p>5. \u010dakra kr\u010dn\u00ed. Harmonick\u00e1 funkce:\u00a0Jasn\u00e1 a voln\u00e1 komunikace, tvo\u0159ivost, vn\u00edmamovost, komunikace mezi duchovn\u00edm a fyzick\u00fdm sv\u011btem.<br \/>\nRu\u010dn\u011b foukan\u00fd sklen\u011bn\u00fd and\u011bl &#8211; ka\u017ed\u00fd kus je origin\u00e1l, ka\u017ed\u00fd kus se li\u0161\u00ed minim\u00e1ln\u011b velikost\u00ed k\u0159\u00eddel.<\/p>\n","protected":false},"featured_media":85066,"comment_status":"closed","ping_status":"closed","template":"","meta":[],"product_brand":[],"product_cat":[146],"product_tag":[],"class_list":{"0":"post-85065","1":"product","2":"type-product","3":"status-publish","4":"has-post-thumbnail","6":"product_cat-sklenena-tezitka-a-olejove-lampy","8":"first","9":"instock","10":"sale","11":"shipping-taxable","12":"purchasable","13":"product-type-simple"},"_links":{"self":[{"href":"https:\/\/test.esluzby.net\/index.php?rest_route=\/wp\/v2\/product\/85065","targetHints":{"allow":["GET"]}}],"collection":[{"href":"https:\/\/test.esluzby.net\/index.php?rest_route=\/wp\/v2\/product"}],"about":[{"href":"https:\/\/test.esluzby.net\/index.php?rest_route=\/wp\/v2\/types\/product"}],"replies":[{"embeddable":true,"href":"https:\/\/test.esluzby.net\/index.php?rest_route=%2Fwp%2Fv2%2Fcomments&post=85065"}],"version-history":[{"count":0,"href":"https:\/\/test.esluzby.net\/index.php?rest_route=\/wp\/v2\/product\/85065\/revisions"}],"wp:featuredmedia":[{"embeddable":true,"href":"https:\/\/test.esluzby.net\/index.php?rest_route=\/wp\/v2\/media\/85066"}],"wp:attachment":[{"href":"https:\/\/test.esluzby.net\/index.php?rest_route=%2Fwp%2Fv2%2Fmedia&parent=85065"}],"wp:term":[{"taxonomy":"product_brand","embeddable":true,"href":"https:\/\/test.esluzby.net\/index.php?rest_route=%2Fwp%2Fv2%2Fproduct_brand&post=85065"},{"taxonomy":"product_cat","embeddable":true,"href":"https:\/\/test.esluzby.net\/index.php?rest_route=%2Fwp%2Fv2%2Fproduct_cat&post=85065"},{"taxonomy":"product_tag","embeddable":true,"href":"https:\/\/test.esluzby.net\/index.php?rest_route=%2Fwp%2Fv2%2Fproduct_tag&post=85065"}],"curies":[{"name":"wp","href":"https:\/\/api.w.org\/{rel}","templated":true}]}}