{"id":85069,"date":"2023-04-20T20:41:15","date_gmt":"2023-04-20T18:41:15","guid":{"rendered":"https:\/\/test.esluzby.net\/?post_type=product&#038;p=85069"},"modified":"2026-02-19T10:22:30","modified_gmt":"2026-02-19T09:22:30","slug":"sklenene-tezitko-barevne-fialova","status":"publish","type":"product","link":"https:\/\/test.esluzby.net\/?product=sklenene-tezitko-barevne-fialova","title":{"rendered":"Sklen\u011bn\u00e9 t\u011b\u017e\u00edtko &#8211; paperweight"},"content":{"rendered":"<p data-start=\"0\" data-end=\"208\"><strong data-start=\"0\" data-end=\"20\">Sklen\u011bn\u00e9 t\u011b\u017e\u00edtko<\/strong> je dekorativn\u00ed \u010di u\u017eitn\u00fd p\u0159edm\u011bt ze skla, kter\u00fd slou\u017e\u00ed k zat\u00ed\u017een\u00ed pap\u00edr\u016f ale i k dekoraci. V na\u0161\u00ed skl\u00e1rn\u011b vyr\u00e1b\u00edme t\u011b\u017e\u00edtka ru\u010dn\u011b\u00a0 a m\u016f\u017ee m\u00edt r\u016fzn\u00e9 tvary, barvy i motivy \u2013 nap\u0159\u00edklad:<\/p>\n<ul data-start=\"210\" data-end=\"379\">\n<li data-start=\"210\" data-end=\"253\">\n<p data-start=\"212\" data-end=\"253\"><strong data-start=\"212\" data-end=\"251\">sklen\u011bn\u00e9 kv\u011bty a bubliny<\/strong><\/p>\n<\/li>\n<li data-start=\"254\" data-end=\"286\">\n<p data-start=\"256\" data-end=\"286\"><strong data-start=\"256\" data-end=\"284\">r\u016fzn\u00e9 barevn\u00e9 varianty<\/strong><\/p>\n<\/li>\n<li data-start=\"287\" data-end=\"337\">\n<p data-start=\"289\" data-end=\"337\"><strong data-start=\"289\" data-end=\"335\">mot\u00fdli <\/strong><\/p>\n<\/li>\n<\/ul>\n<p data-start=\"381\" data-end=\"483\">Krom\u011b praktick\u00e9 funkce je t\u011b\u017e\u00edtko \u010dasto vn\u00edm\u00e1no jako <strong data-start=\"434\" data-end=\"454\">um\u011bleck\u00fd p\u0159edm\u011bt<\/strong> nebo <strong data-start=\"460\" data-end=\"482\">sb\u011bratelsk\u00fd kousek<\/strong>. Nejpou\u017e\u00edvan\u011bj\u0161\u00ed n\u00e1zev ve sv\u011bt\u011b je <strong>paperweight<\/strong>.<\/p>\n","protected":false},"excerpt":{"rendered":"<p><strong data-start=\"143\" data-end=\"174\">Dekorativn\u00ed t\u011b\u017e\u00edtko ze skla<\/strong> je kombinace barev, bublin, sklen\u011bn\u00fdch nit\u00ed a r\u016fzn\u00fdch materi\u00e1l\u016f tvo\u0159\u00ed origin\u00e1ln\u00ed<strong data-start=\"188\" data-end=\"225\"> kancel\u00e1\u0159sk\u00fd dopln\u011bk<\/strong>\u00a0a <strong data-start=\"228\" data-end=\"250\">um\u011bleck\u00fd objekt.\u00a0<\/strong><\/p>\n","protected":false},"featured_media":85070,"comment_status":"closed","ping_status":"closed","template":"","meta":[],"product_brand":[],"product_cat":[146],"product_tag":[],"class_list":{"0":"post-85069","1":"product","2":"type-product","3":"status-publish","4":"has-post-thumbnail","6":"product_cat-sklenena-tezitka-a-olejove-lampy","8":"first","9":"outofstock","10":"shipping-taxable","11":"purchasable","12":"product-type-simple"},"_links":{"self":[{"href":"https:\/\/test.esluzby.net\/index.php?rest_route=\/wp\/v2\/product\/85069","targetHints":{"allow":["GET"]}}],"collection":[{"href":"https:\/\/test.esluzby.net\/index.php?rest_route=\/wp\/v2\/product"}],"about":[{"href":"https:\/\/test.esluzby.net\/index.php?rest_route=\/wp\/v2\/types\/product"}],"replies":[{"embeddable":true,"href":"https:\/\/test.esluzby.net\/index.php?rest_route=%2Fwp%2Fv2%2Fcomments&post=85069"}],"version-history":[{"count":0,"href":"https:\/\/test.esluzby.net\/index.php?rest_route=\/wp\/v2\/product\/85069\/revisions"}],"wp:featuredmedia":[{"embeddable":true,"href":"https:\/\/test.esluzby.net\/index.php?rest_route=\/wp\/v2\/media\/85070"}],"wp:attachment":[{"href":"https:\/\/test.esluzby.net\/index.php?rest_route=%2Fwp%2Fv2%2Fmedia&parent=85069"}],"wp:term":[{"taxonomy":"product_brand","embeddable":true,"href":"https:\/\/test.esluzby.net\/index.php?rest_route=%2Fwp%2Fv2%2Fproduct_brand&post=85069"},{"taxonomy":"product_cat","embeddable":true,"href":"https:\/\/test.esluzby.net\/index.php?rest_route=%2Fwp%2Fv2%2Fproduct_cat&post=85069"},{"taxonomy":"product_tag","embeddable":true,"href":"https:\/\/test.esluzby.net\/index.php?rest_route=%2Fwp%2Fv2%2Fproduct_tag&post=85069"}],"curies":[{"name":"wp","href":"https:\/\/api.w.org\/{rel}","templated":true}]}}