{"id":86937,"date":"2023-02-12T18:55:19","date_gmt":"2023-02-12T17:55:19","guid":{"rendered":"https:\/\/test.esluzby.net\/?post_type=product&#038;p=86937"},"modified":"2026-02-19T10:23:42","modified_gmt":"2026-02-19T09:23:42","slug":"vaza-mimosa","status":"publish","type":"product","link":"https:\/\/test.esluzby.net\/?product=vaza-mimosa","title":{"rendered":"V\u00e1za Mimosa"},"content":{"rendered":"","protected":false},"excerpt":{"rendered":"<p>V\u00e1za z limitovan\u00e9 edice v\u00e1z, kde od ka\u017ed\u00e9 je vyroben pouze jeden kus. Nem\u016f\u017ee se st\u00e1t, \u017ee by m\u011bl n\u011bkdo stejnou v\u00e1zu jako vy. O design a v\u00fdrobu t\u00e9to v\u00e1zy se postarali Petr a Luk\u00e1\u0161 \u010cerven\u00fd. Majitel skl\u00e1rny a jeho syn, tvo\u0159\u00ed jedine\u010dn\u00fd t\u00fdm, kdy jim pod rukami vznikaj\u00ed naprosto unik\u00e1tn\u00ed a designov\u00e9 v\u00fdtvory. Barevn\u00e1 r\u016fznorodost v\u00e1zy vznik\u00e1 vrstven\u00edm skla, kdy jednotliv\u00e9 vrstvy zah\u0159\u00edvan\u00e9 m\u011bn\u00ed svou barvu. Neopakovateln\u00e1 v\u00e1za.<\/p>\n","protected":false},"featured_media":86938,"comment_status":"closed","ping_status":"closed","template":"","meta":[],"product_brand":[],"product_cat":[121,150,141],"product_tag":[],"class_list":{"0":"post-86937","1":"product","2":"type-product","3":"status-publish","4":"has-post-thumbnail","6":"product_cat-darky-pro-zeny","7":"product_cat-premiove-sklenene-vazy","8":"product_cat-svatebni-darky","10":"first","11":"outofstock","12":"shipping-taxable","13":"purchasable","14":"product-type-simple"},"_links":{"self":[{"href":"https:\/\/test.esluzby.net\/index.php?rest_route=\/wp\/v2\/product\/86937","targetHints":{"allow":["GET"]}}],"collection":[{"href":"https:\/\/test.esluzby.net\/index.php?rest_route=\/wp\/v2\/product"}],"about":[{"href":"https:\/\/test.esluzby.net\/index.php?rest_route=\/wp\/v2\/types\/product"}],"replies":[{"embeddable":true,"href":"https:\/\/test.esluzby.net\/index.php?rest_route=%2Fwp%2Fv2%2Fcomments&post=86937"}],"version-history":[{"count":0,"href":"https:\/\/test.esluzby.net\/index.php?rest_route=\/wp\/v2\/product\/86937\/revisions"}],"wp:featuredmedia":[{"embeddable":true,"href":"https:\/\/test.esluzby.net\/index.php?rest_route=\/wp\/v2\/media\/86938"}],"wp:attachment":[{"href":"https:\/\/test.esluzby.net\/index.php?rest_route=%2Fwp%2Fv2%2Fmedia&parent=86937"}],"wp:term":[{"taxonomy":"product_brand","embeddable":true,"href":"https:\/\/test.esluzby.net\/index.php?rest_route=%2Fwp%2Fv2%2Fproduct_brand&post=86937"},{"taxonomy":"product_cat","embeddable":true,"href":"https:\/\/test.esluzby.net\/index.php?rest_route=%2Fwp%2Fv2%2Fproduct_cat&post=86937"},{"taxonomy":"product_tag","embeddable":true,"href":"https:\/\/test.esluzby.net\/index.php?rest_route=%2Fwp%2Fv2%2Fproduct_tag&post=86937"}],"curies":[{"name":"wp","href":"https:\/\/api.w.org\/{rel}","templated":true}]}}